{"id":2800,"date":"2022-06-15T11:24:14","date_gmt":"2022-06-15T10:24:14","guid":{"rendered":"https:\/\/swisstabletennis.ch\/neu\/?page_id=2800"},"modified":"2023-09-06T16:28:48","modified_gmt":"2023-09-06T14:28:48","slug":"annuaire-stt","status":"publish","type":"page","link":"https:\/\/www.swisstabletennis.ch\/fr\/annuaire-stt\/","title":{"rendered":"Annuaire STT"},"content":{"rendered":"<p>Cette page sera bient\u00f4t supprim\u00e9e.<\/p>\n<p>Vous \u00eates invit\u00e9 \u00e0 vous rendre sur la page <a href=\"https:\/\/www.swisstabletennis.ch\/fr\/reglements\/\">R\u00e8glements<\/a> pour la lecture de l&rsquo;annuaire.<\/p>\n","protected":false},"excerpt":{"rendered":"<p>Cette page sera bient\u00f4t supprim\u00e9e. Vous \u00eates invit\u00e9 \u00e0 vous rendre sur la page R\u00e8glements pour la lecture de l&rsquo;annuaire.<\/p>\n","protected":false},"author":8,"featured_media":9064,"parent":0,"menu_order":0,"comment_status":"closed","ping_status":"closed","template":"","meta":{"_monsterinsights_skip_tracking":false,"_monsterinsights_sitenote_active":false,"_monsterinsights_sitenote_note":"","_monsterinsights_sitenote_category":0,"footnotes":""},"class_list":["post-2800","page","type-page","status-publish","has-post-thumbnail","hentry"],"_links":{"self":[{"href":"https:\/\/www.swisstabletennis.ch\/fr\/wp-json\/wp\/v2\/pages\/2800","targetHints":{"allow":["GET"]}}],"collection":[{"href":"https:\/\/www.swisstabletennis.ch\/fr\/wp-json\/wp\/v2\/pages"}],"about":[{"href":"https:\/\/www.swisstabletennis.ch\/fr\/wp-json\/wp\/v2\/types\/page"}],"author":[{"embeddable":true,"href":"https:\/\/www.swisstabletennis.ch\/fr\/wp-json\/wp\/v2\/users\/8"}],"replies":[{"embeddable":true,"href":"https:\/\/www.swisstabletennis.ch\/fr\/wp-json\/wp\/v2\/comments?post=2800"}],"version-history":[{"count":0,"href":"https:\/\/www.swisstabletennis.ch\/fr\/wp-json\/wp\/v2\/pages\/2800\/revisions"}],"wp:featuredmedia":[{"embeddable":true,"href":"https:\/\/www.swisstabletennis.ch\/fr\/wp-json\/wp\/v2\/media\/9064"}],"wp:attachment":[{"href":"https:\/\/www.swisstabletennis.ch\/fr\/wp-json\/wp\/v2\/media?parent=2800"}],"curies":[{"name":"wp","href":"https:\/\/api.w.org\/{rel}","templated":true}]}}