{"id":2854,"date":"2022-06-15T14:57:55","date_gmt":"2022-06-15T13:57:55","guid":{"rendered":"https:\/\/swisstabletennis.ch\/neu\/?page_id=2854"},"modified":"2026-02-26T12:03:32","modified_gmt":"2026-02-26T11:03:32","slug":"bourse-des-joueurs","status":"publish","type":"page","link":"https:\/\/www.swisstabletennis.ch\/fr\/bourse-des-joueurs\/","title":{"rendered":"Bourse des joueurs"},"content":{"rendered":"\t\t<div data-elementor-type=\"wp-page\" data-elementor-id=\"2854\" class=\"elementor elementor-2854 elementor-82\" data-elementor-post-type=\"page\">\n\t\t\t\t\t\t<section class=\"elementor-section elementor-top-section elementor-element elementor-element-463bf717 elementor-section-boxed elementor-section-height-default elementor-section-height-default\" data-id=\"463bf717\" data-element_type=\"section\" data-e-type=\"section\">\n\t\t\t\t\t\t<div class=\"elementor-container elementor-column-gap-extended\">\n\t\t\t\t\t<div class=\"elementor-column elementor-col-100 elementor-top-column elementor-element elementor-element-6b7eca78 sc_inner_width_none sc_layouts_column_icons_position_left\" data-id=\"6b7eca78\" data-element_type=\"column\" data-e-type=\"column\">\n\t\t\t<div class=\"elementor-widget-wrap elementor-element-populated\">\n\t\t\t\t\t\t<div class=\"elementor-element elementor-element-24108fa7 sc_fly_static elementor-widget elementor-widget-text-editor\" data-id=\"24108fa7\" data-element_type=\"widget\" data-e-type=\"widget\" data-widget_type=\"text-editor.default\">\n\t\t\t\t<div class=\"elementor-widget-container\">\n\t\t\t\t\t\t\t\t\t<h3>Club cherche joueurs<\/h3><h4>CTT Vernier<\/h4><p>Nom: Poujoulat Bastien<br \/>Localit\u00e9: Vernier<br \/>Ligue: Ligue 3<br \/>Classement: D3-C8 (ou plus)<br \/>Email: <a href=\"mailto:poujoulatbastien@gmail.com\">poujoulatbastien@gmail.com<\/a><\/p><p>\u00c0 la recherche d\u2019un joueur motiv\u00e9 pour jouer en ligue 3.<br \/>Pas besoin de s\u2019entra\u00eener au club juste d\u2019\u00eatre fiable et motiv\u00e9 !<\/p><h4>CTT Montriond-Ouchy<\/h4><p>Nom: Kiraly Gyula<br \/>Localit\u00e9: CH, Lausanne ou environ<br \/>Club: CTT Montriond-Ouchy<br \/>Ligue: AVVF Elite L2<br \/>Classement: C7-10<br \/>Email: <a href=\"mailto:kiraly.gy@gmail.com\">kiraly.gy@gmail.com<\/a><\/p><p>Nous sommes ouvert d&rsquo;inviter un joueur \u00e0 notre \u00e9quipe AVVF L2. Bonne ambiance au rendez-vous !<\/p><h4>CTT Vevey<\/h4><p>Nom: Alexander Gellner<br \/>Localit\u00e9: Vevey<br \/>Ligue: 2<br \/>Classement: C6 &#8211; B12<br \/>Email: <a href=\"mailto:agellner@bluewin.ch\">agellner@bluewin.ch<\/a><\/p><p>Le CTT Vevey cherche un joueur pour son \u00e9quipe en ligue 2 r\u00e9gionale pour renforcer l&rsquo;\u00e9quipe existante.<\/p><h4>CTT Mandement<\/h4><p>Name: Juan Cervera<br \/>Localit\u00e9: Satigny<br \/>Ligue: 4,3,2,1,C et (B)<br \/>Classement: D1 \u00e0 A20<br \/>Email: <a href=\"mailto:juancvu1@gmail.com\">juancvu1@gmail.com<\/a><\/p><p>Tu recherche un club saison 2025-2026 pour jouer en ligue r\u00e9gionale ou en ligue nationale alors viens au Mandement!!! Entra\u00eenements dirig\u00e9s et coaching et surtout bonne ambiance.<\/p><h3><strong>Joueur recherche club<\/strong><\/h3><p>Nom: Mathis Ferrandez<br \/>Localit\u00e9: France<br \/>Club: &#8211;\u00a0<br \/>Ligue: &#8211;\u00a0<br \/>Classement: A17<br \/>Email: <a href=\"mailto:mathisferr@gmail.com\">mathisferr@gmail.com<\/a><br \/>Je cherche un club pour jouer \u00e0 n\u2019importe quel niveau.<\/p><p>&#8211;<\/p><p>Nom: Guillaume Alcayde<br \/>Localit\u00e9: France<br \/>Club: Fr\u00e9jus<br \/>Ligue: Pro B<br \/>Classement: 110 fran\u00e7ais avec \u00e9trangers 35 sans \u00e9tranger<br \/>Email: <a href=\"mailto:guitchout.alcayde@gmail.com\">guitchout.alcayde@gmail.com<\/a><\/p><p>Bonjour, je suis \u00e0 la recherche d&rsquo;un club en Ligue B ou ligue A pour double appartenance. Merci de me contacter.<\/p><p>&#8211;<\/p><p>Nom: GRINE<br \/>Localit\u00e9: France, Reims<br \/>Club: ORTT<br \/>Ligue: Grand Est<br \/>Classement: 18<br \/>Email: <a href=\"mailto:farid.grine17@hotmail.com\">farid.grine17@hotmail.com<\/a><\/p><p>Bonjour, je m&rsquo;appelle Farid GRINE et je suis class\u00e9 B2\/B0 (18 ancien num\u00e9ro 500). Je suis \u00e0 la recherche d&rsquo;un club de tennis de table en Suisse. Si vous avez des recommandations, n&rsquo;h\u00e9sitez pas \u00e0 me contacter ! Merci !<\/p><p>&#8211;<\/p><p>Nom: Mariam Brahimi<br \/>Localit\u00e9: Tunis<br \/>Club: Cimenterie de bizerte <br \/>Classement: 174 en U15<br \/>Email: <a href=\"mailto:brahimiines435@gmail.com\">brahimiines435@gmail.com<\/a><\/p><p>Joueuse ag\u00e9e de 14 ans, championne de Tunisie 2023 et vice championne en 2024.<br \/>Des cat\u00e9gories minime cadette et junior.je souhaite integrer un club qui soit connu, disciplin\u00e9 et qui m&rsquo;offre l&rsquo;opportunit\u00e9 de d\u00e9couvrir d&rsquo;autres horizons.<br \/>Dans l&rsquo;attente de votre offre, veuillez accepter mes salutations les plus sinc\u00e8res.<\/p><p>&#8211;<\/p>\t\t\t\t\t\t\t\t<\/div>\n\t\t\t\t<\/div>\n\t\t\t\t\t<\/div>\n\t\t<\/div>\n\t\t\t\t\t<\/div>\n\t\t<\/section>\n\t\t\t\t<section class=\"elementor-section elementor-top-section elementor-element elementor-element-69e2dcf elementor-section-boxed elementor-section-height-default elementor-section-height-default\" data-id=\"69e2dcf\" data-element_type=\"section\" data-e-type=\"section\">\n\t\t\t\t\t\t<div class=\"elementor-container elementor-column-gap-extended\">\n\t\t\t\t\t<div class=\"elementor-column elementor-col-100 elementor-top-column elementor-element elementor-element-df16b9a sc_inner_width_none sc_layouts_column_icons_position_left\" data-id=\"df16b9a\" data-element_type=\"column\" data-e-type=\"column\">\n\t\t\t<div class=\"elementor-widget-wrap elementor-element-populated\">\n\t\t\t\t\t\t<div class=\"elementor-element elementor-element-84a5986 sc_fly_static elementor-widget elementor-widget-text-editor\" data-id=\"84a5986\" data-element_type=\"widget\" data-e-type=\"widget\" data-widget_type=\"text-editor.default\">\n\t\t\t\t<div class=\"elementor-widget-container\">\n\t\t\t\t\t\t\t\t\t<p><strong>Envoyer une Annonce<\/strong><\/p><p>Votre annonce est gratuite.<br \/>Afin de pr\u00e9server la qualit\u00e9, la r\u00e9daction de vos donn\u00e9es sera examin\u00e9e avant leur publication.<\/p>\t\t\t\t\t\t\t\t<\/div>\n\t\t\t\t<\/div>\n\t\t\t\t\t<\/div>\n\t\t<\/div>\n\t\t\t\t\t<\/div>\n\t\t<\/section>\n\t\t\t\t<section class=\"elementor-section elementor-top-section elementor-element elementor-element-6bd4d86 elementor-section-boxed elementor-section-height-default elementor-section-height-default\" data-id=\"6bd4d86\" data-element_type=\"section\" data-e-type=\"section\">\n\t\t\t\t\t\t<div class=\"elementor-container elementor-column-gap-extended\">\n\t\t\t\t\t<div class=\"elementor-column elementor-col-100 elementor-top-column elementor-element elementor-element-6b44f70 sc_inner_width_none sc_layouts_column_icons_position_left\" data-id=\"6b44f70\" data-element_type=\"column\" data-e-type=\"column\">\n\t\t\t<div class=\"elementor-widget-wrap elementor-element-populated\">\n\t\t\t\t\t\t<div class=\"elementor-element elementor-element-a8bba54 elementor-button-align-stretch sc_fly_static elementor-widget elementor-widget-form\" data-id=\"a8bba54\" data-element_type=\"widget\" data-e-type=\"widget\" data-settings=\"{&quot;step_next_label&quot;:&quot;Next&quot;,&quot;step_previous_label&quot;:&quot;Previous&quot;,&quot;button_width&quot;:&quot;100&quot;,&quot;step_type&quot;:&quot;number_text&quot;,&quot;step_icon_shape&quot;:&quot;circle&quot;}\" data-widget_type=\"form.default\">\n\t\t\t\t<div class=\"elementor-widget-container\">\n\t\t\t\t\t\t\t<form class=\"elementor-form\" method=\"post\" name=\"New Form\" aria-label=\"New Form\">\n\t\t\t<input type=\"hidden\" name=\"post_id\" value=\"2854\"\/>\n\t\t\t<input type=\"hidden\" name=\"form_id\" value=\"a8bba54\"\/>\n\t\t\t<input type=\"hidden\" name=\"referer_title\" value=\"\" \/>\n\n\t\t\t\n\t\t\t<div class=\"elementor-form-fields-wrapper elementor-labels-above\">\n\t\t\t\t\t\t\t\t<div class=\"elementor-field-type-radio elementor-field-group elementor-column elementor-field-group-field_5be80f7 elementor-col-100\">\n\t\t\t\t\t<div class=\"elementor-field-subgroup  \"><span class=\"elementor-field-option\"><input type=\"radio\" value=\"Club cherche joueur\" id=\"form-field-field_5be80f7-0\" name=\"form_fields[field_5be80f7]\"> <label for=\"form-field-field_5be80f7-0\">Club cherche joueur<\/label><\/span><span class=\"elementor-field-option\"><input type=\"radio\" value=\"Joueur recherche club\" id=\"form-field-field_5be80f7-1\" name=\"form_fields[field_5be80f7]\"> <label for=\"form-field-field_5be80f7-1\">Joueur recherche club<\/label><\/span><\/div>\t\t\t\t<\/div>\n\t\t\t\t\t\t\t\t<div class=\"elementor-field-type-text elementor-field-group elementor-column elementor-field-group-name elementor-col-100\">\n\t\t\t\t\t\t\t\t\t\t\t\t<label for=\"form-field-name\" class=\"elementor-field-label\">\n\t\t\t\t\t\t\t\tNom\t\t\t\t\t\t\t<\/label>\n\t\t\t\t\t\t\t\t\t\t\t\t\t\t<input size=\"1\" type=\"text\" name=\"form_fields[name]\" id=\"form-field-name\" class=\"elementor-field elementor-size-sm  elementor-field-textual\" placeholder=\"Nom\">\n\t\t\t\t\t\t\t\t\t\t\t<\/div>\n\t\t\t\t\t\t\t\t<div class=\"elementor-field-type-text elementor-field-group elementor-column elementor-field-group-field_c8304eb elementor-col-100\">\n\t\t\t\t\t\t\t\t\t\t\t\t<label for=\"form-field-field_c8304eb\" class=\"elementor-field-label\">\n\t\t\t\t\t\t\t\tLocalit\u00e9\t\t\t\t\t\t\t<\/label>\n\t\t\t\t\t\t\t\t\t\t\t\t\t\t<input size=\"1\" type=\"text\" name=\"form_fields[field_c8304eb]\" id=\"form-field-field_c8304eb\" class=\"elementor-field elementor-size-sm  elementor-field-textual\" placeholder=\"Localit\u00e9\">\n\t\t\t\t\t\t\t\t\t\t\t<\/div>\n\t\t\t\t\t\t\t\t<div class=\"elementor-field-type-text elementor-field-group elementor-column elementor-field-group-field_b96ccb2 elementor-col-100\">\n\t\t\t\t\t\t\t\t\t\t\t\t<label for=\"form-field-field_b96ccb2\" class=\"elementor-field-label\">\n\t\t\t\t\t\t\t\tClub\t\t\t\t\t\t\t<\/label>\n\t\t\t\t\t\t\t\t\t\t\t\t\t\t<input size=\"1\" type=\"text\" name=\"form_fields[field_b96ccb2]\" id=\"form-field-field_b96ccb2\" class=\"elementor-field elementor-size-sm  elementor-field-textual\" placeholder=\"Club\">\n\t\t\t\t\t\t\t\t\t\t\t<\/div>\n\t\t\t\t\t\t\t\t<div class=\"elementor-field-type-text elementor-field-group elementor-column elementor-field-group-field_e40e2cd elementor-col-100\">\n\t\t\t\t\t\t\t\t\t\t\t\t<label for=\"form-field-field_e40e2cd\" class=\"elementor-field-label\">\n\t\t\t\t\t\t\t\tLigue\t\t\t\t\t\t\t<\/label>\n\t\t\t\t\t\t\t\t\t\t\t\t\t\t<input size=\"1\" type=\"text\" name=\"form_fields[field_e40e2cd]\" id=\"form-field-field_e40e2cd\" class=\"elementor-field elementor-size-sm  elementor-field-textual\" placeholder=\"Ligue\">\n\t\t\t\t\t\t\t\t\t\t\t<\/div>\n\t\t\t\t\t\t\t\t<div class=\"elementor-field-type-text elementor-field-group elementor-column elementor-field-group-field_35e8c8d elementor-col-100\">\n\t\t\t\t\t\t\t\t\t\t\t\t<label for=\"form-field-field_35e8c8d\" class=\"elementor-field-label\">\n\t\t\t\t\t\t\t\tClassement\t\t\t\t\t\t\t<\/label>\n\t\t\t\t\t\t\t\t\t\t\t\t\t\t<input size=\"1\" type=\"text\" name=\"form_fields[field_35e8c8d]\" id=\"form-field-field_35e8c8d\" class=\"elementor-field elementor-size-sm  elementor-field-textual\" placeholder=\"Classement\">\n\t\t\t\t\t\t\t\t\t\t\t<\/div>\n\t\t\t\t\t\t\t\t<div class=\"elementor-field-type-email elementor-field-group elementor-column elementor-field-group-email elementor-col-100 elementor-field-required\">\n\t\t\t\t\t\t\t\t\t\t\t\t<label for=\"form-field-email\" class=\"elementor-field-label\">\n\t\t\t\t\t\t\t\tEmail\t\t\t\t\t\t\t<\/label>\n\t\t\t\t\t\t\t\t\t\t\t\t\t\t<input size=\"1\" type=\"email\" name=\"form_fields[email]\" id=\"form-field-email\" class=\"elementor-field elementor-size-sm  elementor-field-textual\" placeholder=\"Email\" required=\"required\">\n\t\t\t\t\t\t\t\t\t\t\t<\/div>\n\t\t\t\t\t\t\t\t<div class=\"elementor-field-type-textarea elementor-field-group elementor-column elementor-field-group-message elementor-col-100\">\n\t\t\t\t\t\t\t\t\t\t\t\t<label for=\"form-field-message\" class=\"elementor-field-label\">\n\t\t\t\t\t\t\t\tTexte de l'annonce\t\t\t\t\t\t\t<\/label>\n\t\t\t\t\t\t<textarea class=\"elementor-field-textual elementor-field  elementor-size-sm\" name=\"form_fields[message]\" id=\"form-field-message\" rows=\"4\" placeholder=\"Message\"><\/textarea>\t\t\t\t<\/div>\n\t\t\t\t\t\t\t\t<div class=\"elementor-field-group elementor-column elementor-field-type-submit elementor-col-100 e-form__buttons\">\n\t\t\t\t\t<button class=\"elementor-button elementor-size-sm\" type=\"submit\">\n\t\t\t\t\t\t<span class=\"elementor-button-content-wrapper\">\n\t\t\t\t\t\t\t\t\t\t\t\t\t\t\t\t\t\t\t\t\t\t<span class=\"elementor-button-text\">Envoyer<\/span>\n\t\t\t\t\t\t\t\t\t\t\t\t\t<\/span>\n\t\t\t\t\t<\/button>\n\t\t\t\t<\/div>\n\t\t\t<\/div>\n\t\t<\/form>\n\t\t\t\t\t\t<\/div>\n\t\t\t\t<\/div>\n\t\t\t\t\t<\/div>\n\t\t<\/div>\n\t\t\t\t\t<\/div>\n\t\t<\/section>\n\t\t\t\t<\/div>\n\t\t","protected":false},"excerpt":{"rendered":"<p>Club cherche joueurs CTT Vernier Nom: Poujoulat BastienLocalit\u00e9: VernierLigue: Ligue 3Classement: D3-C8 (ou plus)Email: poujoulatbastien@gmail.com \u00c0 la recherche d\u2019un joueur&hellip;<\/p>\n","protected":false},"author":8,"featured_media":13082,"parent":0,"menu_order":0,"comment_status":"closed","ping_status":"closed","template":"","meta":{"_monsterinsights_skip_tracking":false,"_monsterinsights_sitenote_active":false,"_monsterinsights_sitenote_note":"","_monsterinsights_sitenote_category":0,"footnotes":""},"class_list":["post-2854","page","type-page","status-publish","has-post-thumbnail","hentry"],"_links":{"self":[{"href":"https:\/\/www.swisstabletennis.ch\/fr\/wp-json\/wp\/v2\/pages\/2854","targetHints":{"allow":["GET"]}}],"collection":[{"href":"https:\/\/www.swisstabletennis.ch\/fr\/wp-json\/wp\/v2\/pages"}],"about":[{"href":"https:\/\/www.swisstabletennis.ch\/fr\/wp-json\/wp\/v2\/types\/page"}],"author":[{"embeddable":true,"href":"https:\/\/www.swisstabletennis.ch\/fr\/wp-json\/wp\/v2\/users\/8"}],"replies":[{"embeddable":true,"href":"https:\/\/www.swisstabletennis.ch\/fr\/wp-json\/wp\/v2\/comments?post=2854"}],"version-history":[{"count":39,"href":"https:\/\/www.swisstabletennis.ch\/fr\/wp-json\/wp\/v2\/pages\/2854\/revisions"}],"predecessor-version":[{"id":47704,"href":"https:\/\/www.swisstabletennis.ch\/fr\/wp-json\/wp\/v2\/pages\/2854\/revisions\/47704"}],"wp:featuredmedia":[{"embeddable":true,"href":"https:\/\/www.swisstabletennis.ch\/fr\/wp-json\/wp\/v2\/media\/13082"}],"wp:attachment":[{"href":"https:\/\/www.swisstabletennis.ch\/fr\/wp-json\/wp\/v2\/media?parent=2854"}],"curies":[{"name":"wp","href":"https:\/\/api.w.org\/{rel}","templated":true}]}}