{"id":2861,"date":"2022-06-15T15:14:20","date_gmt":"2022-06-15T14:14:20","guid":{"rendered":"https:\/\/swisstabletennis.ch\/neu\/?page_id=2861"},"modified":"2025-12-22T12:42:19","modified_gmt":"2025-12-22T11:42:19","slug":"swissping","status":"publish","type":"page","link":"https:\/\/www.swisstabletennis.ch\/fr\/swissping\/","title":{"rendered":"SwissPing"},"content":{"rendered":"<div>\n<p>Depuis plus de 20 ans, SwissPing est un outil et une m\u00e9thode d&rsquo;enseignement pour le tennis de table au sein de Swiss Table Tennis. Divis\u00e9 en six niveaux, SwissPing couvre les niveaux les plus divers, du d\u00e9butant au joueur le plus fort.<\/p>\n<p>Pour chaque niveau, il existe des collections d&rsquo;exercices et des conseils d&rsquo;entra\u00eenement pour les entra\u00eeneurs. Chaque niveau se termine par un test &#8211; la r\u00e9ussite du test donne droit au port du maillot ou de l&rsquo;insigne correspondant.<\/p>\n<p>SwissPing est id\u00e9al pour contr\u00f4ler les objectifs d&rsquo;apprentissage et montrer aux enfants et aux adolescents leurs progr\u00e8s. Cela va dans le sens des recommandations d&rsquo;action qui sont transmises aux entra\u00eeneurs dans le cadre de la formation J+S.<\/p>\n<p><strong>Remplacement de SwissPing par TeenPing<\/strong><\/p>\n<p>Un produit succ\u00e9dant \u00e0 SwissPing, appel\u00e9 TeenPing, est en cours d&rsquo;\u00e9laboration. Il s&rsquo;agira d&rsquo;un compl\u00e9ment au <a href=\"https:\/\/www.swisstabletennis.ch\/fr\/swissping\/kidsping\/\">KidsPing<\/a> d\u00e9j\u00e0 existant et se concentrera sur un ensemble plus vaste d&rsquo;objectifs d&rsquo;apprentissage avec une approche plus globale.<\/p>\n<p>Jusqu&rsquo;au lancement pr\u00e9vu de TeenPing, certaines tailles des t-shirts et d&rsquo;insignes ne seront disponibles que dans la limite des stocks disponibles.<\/p>\n<p><strong>Mat\u00e9riaux<\/strong><\/p>\n<p><strong>Brochures SwissPing<\/strong> : le manuel ainsi que le recueil d&rsquo;exercices sont disponibles sous forme num\u00e9rique pour les entra\u00eeneurs J+S form\u00e9s dans la <a href=\"https:\/\/www.extranet.jugendundsport.ch\/login.php?cmd=force_login&amp;lang=fr\">zone du login<\/a> pour les moniteurs\/monitrices J+S Tennis de table.<\/p>\n<p><strong>Insignes et t-shirts<\/strong> : sont disponibles dans le <a href=\"https:\/\/www.swisstabletennis.ch\/fr\/categorie-produit\/swissping-fr\/\">shop<\/a> jusqu&rsquo;\u00e0 \u00e9puisement des stocks.<\/p>\n<p><strong>Feuilles de test<\/strong> : sont disponibles au t\u00e9l\u00e9chargement ici. Veuillez noter que seules les personnes titulaires d&rsquo;un dipl\u00f4me d&rsquo;entra\u00eeneur A peuvent effectuer les tests de raquette argent et or.<\/p>\n<\/div>\n<div>\n<ul>\n<li style=\"text-align: justify;\"><a class=\"wf_file\" href=\"https:\/\/www.swisstabletennis.ch\/wp-content\/uploads\/2012\/12\/resultatblatt_shirt_fr.pdf\" target=\"_blank\" rel=\"noopener\"><span class=\"wf_file_text\">Maillot SwissPing<\/span><\/a><\/li>\n<li style=\"text-align: justify;\"><a class=\"wf_file\" href=\"https:\/\/www.swisstabletennis.ch\/wp-content\/uploads\/2012\/12\/resultatblatt_weisserball_fr.pdf\" target=\"_blank\" rel=\"noopener\"><span class=\"wf_file_text\">Balle blanche<\/span><\/a><\/li>\n<li style=\"text-align: justify;\"><a class=\"wf_file\" href=\"https:\/\/www.swisstabletennis.ch\/wp-content\/uploads\/2012\/12\/resultatblatt_fr_orangerball.pdf\" target=\"_blank\" rel=\"noopener\"><span class=\"wf_file_text\">Balle orange<\/span><\/a><\/li>\n<li style=\"text-align: justify;\"><a class=\"wf_file\" href=\"https:\/\/www.swisstabletennis.ch\/wp-content\/uploads\/2012\/12\/resultatblatt_bronzeschlaeger_fr.pdf\" target=\"_blank\" rel=\"noopener\"><span class=\"wf_file_text\">Raquette de bronze<\/span><\/a><\/li>\n<li style=\"text-align: justify;\"><a class=\"wf_file\" href=\"https:\/\/www.swisstabletennis.ch\/wp-content\/uploads\/2012\/12\/resultatblatt_silberschlaeger_fr.pdf\" target=\"_blank\" rel=\"noopener\"><span class=\"wf_file_text\">Raquette d&rsquo;argent<\/span><\/a><\/li>\n<li style=\"text-align: justify;\"><a class=\"wf_file\" href=\"https:\/\/www.swisstabletennis.ch\/wp-content\/uploads\/2012\/12\/resultatblatt_goldschlaeger-_fr.pdf\" target=\"_blank\" rel=\"noopener\"><span class=\"wf_file_text\">Raquette d&rsquo;or<\/span><\/a><\/li>\n<\/ul>\n<\/div>\n","protected":false},"excerpt":{"rendered":"<p>Depuis plus de 20 ans, SwissPing est un outil et une m\u00e9thode d&rsquo;enseignement pour le tennis de table au sein&hellip;<\/p>\n","protected":false},"author":8,"featured_media":31978,"parent":0,"menu_order":0,"comment_status":"closed","ping_status":"closed","template":"","meta":{"_monsterinsights_skip_tracking":false,"_monsterinsights_sitenote_active":false,"_monsterinsights_sitenote_note":"","_monsterinsights_sitenote_category":0,"footnotes":""},"class_list":["post-2861","page","type-page","status-publish","has-post-thumbnail","hentry"],"_links":{"self":[{"href":"https:\/\/www.swisstabletennis.ch\/fr\/wp-json\/wp\/v2\/pages\/2861","targetHints":{"allow":["GET"]}}],"collection":[{"href":"https:\/\/www.swisstabletennis.ch\/fr\/wp-json\/wp\/v2\/pages"}],"about":[{"href":"https:\/\/www.swisstabletennis.ch\/fr\/wp-json\/wp\/v2\/types\/page"}],"author":[{"embeddable":true,"href":"https:\/\/www.swisstabletennis.ch\/fr\/wp-json\/wp\/v2\/users\/8"}],"replies":[{"embeddable":true,"href":"https:\/\/www.swisstabletennis.ch\/fr\/wp-json\/wp\/v2\/comments?post=2861"}],"version-history":[{"count":1,"href":"https:\/\/www.swisstabletennis.ch\/fr\/wp-json\/wp\/v2\/pages\/2861\/revisions"}],"predecessor-version":[{"id":46225,"href":"https:\/\/www.swisstabletennis.ch\/fr\/wp-json\/wp\/v2\/pages\/2861\/revisions\/46225"}],"wp:featuredmedia":[{"embeddable":true,"href":"https:\/\/www.swisstabletennis.ch\/fr\/wp-json\/wp\/v2\/media\/31978"}],"wp:attachment":[{"href":"https:\/\/www.swisstabletennis.ch\/fr\/wp-json\/wp\/v2\/media?parent=2861"}],"curies":[{"name":"wp","href":"https:\/\/api.w.org\/{rel}","templated":true}]}}