{"id":2958,"date":"2022-06-17T10:58:12","date_gmt":"2022-06-17T09:58:12","guid":{"rendered":"https:\/\/swisstabletennis.ch\/neu\/?page_id=2958"},"modified":"2026-03-12T15:52:50","modified_gmt":"2026-03-12T14:52:50","slug":"tournoi-de-classement-elite","status":"publish","type":"page","link":"https:\/\/www.swisstabletennis.ch\/fr\/tournoi-de-classement-elite\/","title":{"rendered":"Tournoi de classement Elite"},"content":{"rendered":"\t\t<div data-elementor-type=\"wp-page\" data-elementor-id=\"2958\" class=\"elementor elementor-2958 elementor-68\" data-elementor-post-type=\"page\">\n\t\t\t\t<div class=\"elementor-element elementor-element-16354a1f e-flex e-con-boxed e-con e-parent\" data-id=\"16354a1f\" data-element_type=\"container\" data-e-type=\"container\">\n\t\t\t\t\t<div class=\"e-con-inner\">\n\t\t\t\t<div class=\"elementor-element elementor-element-45666781 sc_fly_static elementor-widget elementor-widget-text-editor\" data-id=\"45666781\" data-element_type=\"widget\" data-e-type=\"widget\" data-widget_type=\"text-editor.default\">\n\t\t\t\t<div class=\"elementor-widget-container\">\n\t\t\t\t\t\t\t\t\t<p><strong>Tournoi de classement STT \u00e9lite (Qualification ; nationale) \u00e0 9 mai 2026<\/strong><\/p><ul><li><a href=\"https:\/\/www.swisstabletennis.ch\/wp-content\/uploads\/2026\/03\/Aufgebot-Qualifikation-RLT-Elite-national.pdf\">Convocation<\/a><\/li><li><a href=\"https:\/\/www.swisstabletennis.ch\/wp-content\/uploads\/2026\/03\/Auslosung-Qualifikation-Elite.pdf\">Tirage au sort<\/a><\/li><li><a href=\"https:\/\/www.swisstabletennis.ch\/wp-content\/uploads\/2026\/03\/Ersatzspieler-Qualifikation-RLT-Elite-national.pdf\">Rempla\u00e7ants<\/a><\/li><\/ul>\t\t\t\t\t\t\t\t<\/div>\n\t\t\t\t<\/div>\n\t\t\t\t\t<\/div>\n\t\t\t\t<\/div>\n\t\t\t\t<\/div>\n\t\t","protected":false},"excerpt":{"rendered":"<p>Tournoi de classement STT \u00e9lite (Qualification ; nationale) \u00e0 9 mai 2026 Convocation Tirage au sort Rempla\u00e7ants<\/p>\n","protected":false},"author":8,"featured_media":13376,"parent":0,"menu_order":0,"comment_status":"closed","ping_status":"closed","template":"","meta":{"_monsterinsights_skip_tracking":false,"_monsterinsights_sitenote_active":false,"_monsterinsights_sitenote_note":"","_monsterinsights_sitenote_category":0,"footnotes":""},"class_list":["post-2958","page","type-page","status-publish","has-post-thumbnail","hentry"],"_links":{"self":[{"href":"https:\/\/www.swisstabletennis.ch\/fr\/wp-json\/wp\/v2\/pages\/2958","targetHints":{"allow":["GET"]}}],"collection":[{"href":"https:\/\/www.swisstabletennis.ch\/fr\/wp-json\/wp\/v2\/pages"}],"about":[{"href":"https:\/\/www.swisstabletennis.ch\/fr\/wp-json\/wp\/v2\/types\/page"}],"author":[{"embeddable":true,"href":"https:\/\/www.swisstabletennis.ch\/fr\/wp-json\/wp\/v2\/users\/8"}],"replies":[{"embeddable":true,"href":"https:\/\/www.swisstabletennis.ch\/fr\/wp-json\/wp\/v2\/comments?post=2958"}],"version-history":[{"count":24,"href":"https:\/\/www.swisstabletennis.ch\/fr\/wp-json\/wp\/v2\/pages\/2958\/revisions"}],"predecessor-version":[{"id":48036,"href":"https:\/\/www.swisstabletennis.ch\/fr\/wp-json\/wp\/v2\/pages\/2958\/revisions\/48036"}],"wp:featuredmedia":[{"embeddable":true,"href":"https:\/\/www.swisstabletennis.ch\/fr\/wp-json\/wp\/v2\/media\/13376"}],"wp:attachment":[{"href":"https:\/\/www.swisstabletennis.ch\/fr\/wp-json\/wp\/v2\/media?parent=2958"}],"curies":[{"name":"wp","href":"https:\/\/api.w.org\/{rel}","templated":true}]}}