{"id":3072,"date":"2022-06-23T09:03:51","date_gmt":"2022-06-23T08:03:51","guid":{"rendered":"https:\/\/swisstabletennis.ch\/neu\/?page_id=3072"},"modified":"2026-04-23T10:08:45","modified_gmt":"2026-04-23T08:08:45","slug":"convocations-cadre","status":"publish","type":"page","link":"https:\/\/www.swisstabletennis.ch\/fr\/convocations-cadre\/","title":{"rendered":"Convocations cadre"},"content":{"rendered":"\t\t<div data-elementor-type=\"wp-page\" data-elementor-id=\"3072\" class=\"elementor elementor-3072 elementor-119\" data-elementor-post-type=\"page\">\n\t\t\t\t<div class=\"elementor-element elementor-element-4a1af71e e-flex e-con-boxed e-con e-parent\" data-id=\"4a1af71e\" data-element_type=\"container\" data-e-type=\"container\">\n\t\t\t\t\t<div class=\"e-con-inner\">\n\t\t\t\t<div class=\"elementor-element elementor-element-296f0848 sc_fly_static elementor-widget elementor-widget-text-editor\" data-id=\"296f0848\" data-element_type=\"widget\" data-e-type=\"widget\" data-widget_type=\"text-editor.default\">\n\t\t\t\t<div class=\"elementor-widget-container\">\n\t\t\t\t\t\t\t\t\t<h4>Saison 2025\/26<\/h4><p><strong>Convocations pour\u00a0<span class=\"wf_file_text\">camp d&rsquo;entra\u00eenements et jour d&rsquo;entra\u00eenements<\/span><\/strong><\/p><ul><li><a href=\"https:\/\/www.swisstabletennis.ch\/wp-content\/uploads\/2025\/07\/06.-07.09.2025-Camp-detection-T2-Prilly.pdf\">06.-07.09.2025 &#8211; Camp d\u00e9tection + T2 &#8211; Prilly<\/a><\/li><li><a href=\"https:\/\/www.swisstabletennis.ch\/wp-content\/uploads\/2025\/09\/06.09.2025-Sichtungstag-DS-Magglingen.pdf\">06.09.2025 &#8211; Sichtungstag DS &#8211; Macolin<\/a><\/li><li><a href=\"https:\/\/www.swisstabletennis.ch\/wp-content\/uploads\/2025\/07\/18.-21.09.2025-T3-Magglingen.pdf\">18.-21.09.2025 &#8211; T3 &#8211; Macolin<\/a><\/li><li><a href=\"https:\/\/www.swisstabletennis.ch\/wp-content\/uploads\/2025\/07\/19.-21.09.2025-Camp-dentrainement-T2-Romandie-Prilly.pdf\">19.-21.09.2025 &#8211; T2 Romandie &#8211; Prilly<\/a><\/li><li><a href=\"https:\/\/www.swisstabletennis.ch\/wp-content\/uploads\/2025\/07\/26.-28.09.2025-T2-Deutschschweiz-Filzbach.pdf\">26.-28.09.2025 &#8211; T2 Suisse al\u00e9manique &#8211; Filzbach<\/a><\/li><li><a href=\"https:\/\/www.swisstabletennis.ch\/wp-content\/uploads\/2025\/09\/23.-26.10.2025-T3-Filzbach.pdf\">23.-26.10.2025 &#8211; Camp d&rsquo;entra\u00eenement T3 &#8211; Filzbach<\/a><\/li><li><a href=\"https:\/\/www.swisstabletennis.ch\/wp-content\/uploads\/2025\/10\/27.-30.12.2025-T3-Magglingen.pdf\">27.-30.12.2025 &#8211; Camp d&rsquo;entra\u00eenement T3 &#8211; Macolin<\/a><\/li><li><a href=\"https:\/\/www.swisstabletennis.ch\/wp-content\/uploads\/2025\/11\/02.-05.01.2026-TL-E-T4-T3-Filzbach.pdf\">02.-05.01.2026 &#8211; Camp d&rsquo;entra\u00eenement, T4, T3 &#8211; Filzbach<\/a><\/li><li><a href=\"https:\/\/www.swisstabletennis.ch\/wp-content\/uploads\/2026\/01\/05.-08.03.2026-T3-Magglingen.pdf\">05.-08.03.2026 &#8211; T3 &#8211; Macolin<\/a><\/li><li><a href=\"https:\/\/www.swisstabletennis.ch\/wp-content\/uploads\/2026\/04\/10.-15.05.2026-Talent-Treff-Tenero-3T-10.04.2026.pdf\">10.-15.05.2026 &#8211; Talent Treff Tenero &#8211; 3T<\/a><\/li><li><a href=\"https:\/\/www.swisstabletennis.ch\/wp-content\/uploads\/2026\/04\/16.-21.06.2026-T3-Duesseldorf.pdf\">16.-21.06.2026 &#8211; T3 \u00e0 D\u00fcsseldorf<\/a><\/li><\/ul><p><strong>Convocation pour comp\u00e9titions<\/strong><\/p><ul><li><a href=\"https:\/\/www.swisstabletennis.ch\/wp-content\/uploads\/2025\/07\/28.-31.08.2025-Euro-Mini-Champs-Schiltigheim-FRA-1.pdf\">28.-31.08.2025 &#8211; Euro Mini Champ&rsquo;s &#8211; Schiltigheim (FRA)<\/a><\/li><li><a href=\"https:\/\/www.swisstabletennis.ch\/wp-content\/uploads\/2025\/07\/21.-25.08.2025-EYS-Riga-Open-Latvia-LVA.pdf\">21.-25.08.2025 &#8211; EYS Riga Open &#8211; Latvia (LVA)<\/a><\/li><li><a href=\"https:\/\/www.swisstabletennis.ch\/wp-content\/uploads\/2025\/08\/23.-29.09.2025-European-U13-Championships.pdf\">23.-29.09.2025 &#8211; European U13 Championships<\/a><\/li><li><a href=\"https:\/\/www.swisstabletennis.ch\/wp-content\/uploads\/2025\/09\/23.-27.10.2025-EYS-Czech-Open-Pilsen-CZE.pdf\">23.-27.10.2025 &#8211; EYS Czech Open &#8211; Pilsen (CZE)<\/a><\/li><li><a href=\"https:\/\/www.swisstabletennis.ch\/wp-content\/uploads\/2025\/10\/02.-05.11.2025-WTT-Youth-Contender-Lignano-ITA-Girls.pdf\">02.-05.11.2025 &#8211; WTT Youth Contender Lignano (ITA) &#8211; Girls<\/a><\/li><li><a href=\"https:\/\/www.swisstabletennis.ch\/wp-content\/uploads\/2025\/10\/06.-09.11.2025-WTT-Youth-Contender-Lignano-ITA-Boys-1.pdf\">06.-09.11.2025 &#8211; WTT Youth Contender Lignano (ITA) &#8211; Boys<\/a><\/li><li><a href=\"https:\/\/www.swisstabletennis.ch\/wp-content\/uploads\/2025\/10\/09.-13.11.2025-Belgium-Open.pdf\">09.-13.11.2025 &#8211; Belgium Open<\/a><\/li><li><a href=\"https:\/\/www.swisstabletennis.ch\/wp-content\/uploads\/2025\/10\/27.11.-01.12.2025-EYS-Serbia-Open-Beocin-SRB.pdf\">27.11.-01.12.2025 &#8211; EYS Serbia Open &#8211; Beo\u010din (SRB)<\/a><\/li><li><a href=\"https:\/\/www.swisstabletennis.ch\/wp-content\/uploads\/2025\/11\/03.-07.12.2025-Finlandia-Open.pdf\">03.-07.12.2025 &#8211; Finlandia Open<\/a><\/li><li><a href=\"https:\/\/www.swisstabletennis.ch\/wp-content\/uploads\/2025\/11\/07.-11.01.2026-WTT-Youth-Contender-Linz-AUT.pdf\">07.-11.01.2026 &#8211; WTT Youth Contender Linz (AUT)<\/a><\/li><li><a href=\"https:\/\/www.swisstabletennis.ch\/wp-content\/uploads\/2026\/01\/04.-08.02.2026-EYS-Croatia-Open-Osijek-HRV.pdf\">04.-08.02.2026 &#8211; EYS Croatia Open &#8211; Osijek (HRV)<\/a><\/li><li><a href=\"https:\/\/www.swisstabletennis.ch\/wp-content\/uploads\/2026\/01\/09.-14.02.2026-WTT-Youth-Contender-Vila-Real-POR.pdf\">09.-14.02.2026 &#8211; WTT Youth Contender Vila Real (POR)<\/a><\/li><li><a href=\"https:\/\/www.swisstabletennis.ch\/wp-content\/uploads\/2026\/01\/03.-08.03.2026-WTT-Youth-Contender-Wladyslawowo-POL-21.01.2026.pdf\">03.-08.03.2026 &#8211; WTT Youth Contender Wladyslawowo (POL)<\/a><\/li><li><a href=\"https:\/\/www.swisstabletennis.ch\/wp-content\/uploads\/2026\/04\/12.-16.04.2026-WTT-Youth-Contender-Metz-FRA-08.04.2026.pdf\">12.-16.04.2026 &#8211; WTT Youth Contender Metz (FRA)<\/a><\/li><li><a href=\"https:\/\/www.swisstabletennis.ch\/wp-content\/uploads\/2026\/04\/04.-09.05.2026-WTT-Youth-Contender-Platja-DAro-ESP.pdf\">04.-09.05.2026 &#8211; WTT Youth Contender Platja D&rsquo;Aro (ESP)<\/a><\/li><li><a href=\"https:\/\/www.swisstabletennis.ch\/wp-content\/uploads\/2026\/04\/27.04.-01.05.2026-Team-WM-London.pdf\">27.04.-01.05.2026 &#8211; Team WM London<\/a><\/li><\/ul><p><strong>Convocations aux r\u00e9unions de parents d&rsquo;\u00e9l\u00e8ves<\/strong><\/p><ul><li><a href=\"https:\/\/www.swisstabletennis.ch\/wp-content\/uploads\/2025\/09\/Soiree-des-parents-des-nouveaux-joueurs-de-cadre-07.10.2025.pdf\">07.10.2025, 19:00h &#8211; Soir\u00e9e des parents via Zoom<\/a><ul><li><a href=\"https:\/\/www.swisstabletennis.ch\/wp-content\/uploads\/2025\/10\/Elternabend-Oktober-2025_f.pdf\">Pr\u00e9sentation<\/a><\/li><\/ul><\/li><\/ul>\t\t\t\t\t\t\t\t<\/div>\n\t\t\t\t<\/div>\n\t\t\t\t\t<\/div>\n\t\t\t\t<\/div>\n\t\t\t\t<\/div>\n\t\t","protected":false},"excerpt":{"rendered":"<p>Saison 2025\/26 Convocations pour\u00a0camp d&rsquo;entra\u00eenements et jour d&rsquo;entra\u00eenements 06.-07.09.2025 &#8211; Camp d\u00e9tection + T2 &#8211; Prilly 06.09.2025 &#8211; Sichtungstag DS&hellip;<\/p>\n","protected":false},"author":8,"featured_media":9064,"parent":0,"menu_order":0,"comment_status":"closed","ping_status":"closed","template":"","meta":{"_monsterinsights_skip_tracking":false,"_monsterinsights_sitenote_active":false,"_monsterinsights_sitenote_note":"","_monsterinsights_sitenote_category":0,"footnotes":""},"class_list":["post-3072","page","type-page","status-publish","has-post-thumbnail","hentry"],"_links":{"self":[{"href":"https:\/\/www.swisstabletennis.ch\/fr\/wp-json\/wp\/v2\/pages\/3072","targetHints":{"allow":["GET"]}}],"collection":[{"href":"https:\/\/www.swisstabletennis.ch\/fr\/wp-json\/wp\/v2\/pages"}],"about":[{"href":"https:\/\/www.swisstabletennis.ch\/fr\/wp-json\/wp\/v2\/types\/page"}],"author":[{"embeddable":true,"href":"https:\/\/www.swisstabletennis.ch\/fr\/wp-json\/wp\/v2\/users\/8"}],"replies":[{"embeddable":true,"href":"https:\/\/www.swisstabletennis.ch\/fr\/wp-json\/wp\/v2\/comments?post=3072"}],"version-history":[{"count":183,"href":"https:\/\/www.swisstabletennis.ch\/fr\/wp-json\/wp\/v2\/pages\/3072\/revisions"}],"predecessor-version":[{"id":48801,"href":"https:\/\/www.swisstabletennis.ch\/fr\/wp-json\/wp\/v2\/pages\/3072\/revisions\/48801"}],"wp:featuredmedia":[{"embeddable":true,"href":"https:\/\/www.swisstabletennis.ch\/fr\/wp-json\/wp\/v2\/media\/9064"}],"wp:attachment":[{"href":"https:\/\/www.swisstabletennis.ch\/fr\/wp-json\/wp\/v2\/media?parent=3072"}],"curies":[{"name":"wp","href":"https:\/\/api.w.org\/{rel}","templated":true}]}}