{"id":3118,"date":"2022-06-23T11:11:09","date_gmt":"2022-06-23T10:11:09","guid":{"rendered":"https:\/\/swisstabletennis.ch\/neu\/?page_id=3118"},"modified":"2023-06-08T09:41:56","modified_gmt":"2023-06-08T07:41:56","slug":"forum-des-clubs","status":"publish","type":"page","link":"https:\/\/www.swisstabletennis.ch\/fr\/forum-des-clubs\/","title":{"rendered":"Forum des Clubs"},"content":{"rendered":"<p><strong>Forum des clubs: 17 juin 2023 \u00e0 Schaffhouse &#8211; (annul\u00e9)<\/strong><\/p>\n<p>Le Forum des clubs 2023 n&rsquo;a malheureusement pas eu lieu. A cause d&rsquo;un manque d&rsquo;inscriptions, le DCC n&rsquo;a pas eu le choix et regrette fortement cette d\u00e9cision.<\/p>\n<p><a href=\"https:\/\/www.swisstabletennis.ch\/wp-content\/uploads\/2023\/05\/Clubforum-2023_F.pdf\">Flyer et programme<\/a><\/p>\n<p><strong>Forum des clubs: 26 f\u00e9vrier 2022 \u00e0 Montreux (annul\u00e9)<\/strong><\/p>\n<p>Le Forum des clubs 2022 n&rsquo;a malheureusement pas eu lieu. A cause d&rsquo;un manque d&rsquo;inscriptions, le DCC n&rsquo;a pas eu le choix et regrette fortement cette d\u00e9cision.<\/p>\n<p>&nbsp;<\/p>\n<p><strong>Forum des clubs: 3 f\u00e9vrier 2018 \u00e0 Montreux<\/strong><\/p>\n<p class=\"gsrt tw-ta-container tw-nfl\">En f\u00e9vrier 2018, le premier forum des club a eu lieu.<\/p>\n<p class=\"gsrt tw-ta-container tw-nfl\">\u00c0 partir des id\u00e9es recueillies, un manuel a \u00e9t\u00e9 produit et envoy\u00e9 \u00e0 chaque club sous forme imprim\u00e9e. Les parties int\u00e9ress\u00e9es peuvent commander une \u00e9dition imprim\u00e9e chez Swiss Table Tennis (au prix de 10 francs).<\/p>\n<p class=\"gsrt tw-ta-container tw-nfl\">La version PDF est disponible en ligne: <a class=\"wf_file\" href=\"https:\/\/www.swisstabletennis.ch\/wp-content\/uploads\/2019\/03\/76215_Manual_Forum_2018_FR_vOpt.pdf\" target=\"_blank\" rel=\"noopener\"><img decoding=\"async\" width=\"20\" height=\"20\" class=\" size-full wp-image-3202\" style=\"border: 0px; vertical-align: middle; max-width: inherit;\" src=\"https:\/\/www.swisstabletennis.ch\/wp-content\/uploads\/2012\/12\/pdf.png\" alt=\"pdf\" \/><span class=\"wf_file_text\">Manuel forum des clubs<\/span><\/a><\/p>\n<p>&nbsp;<\/p>\n<p><a class=\"wf_file\" href=\"https:\/\/www.swisstabletennis.ch\/wp-content\/uploads\/2019\/03\/GzD_Flyer_Clubforum_FR.pdf\" target=\"_blank\" rel=\"noopener\"><img fetchpriority=\"high\" decoding=\"async\" class=\" alignleft size-full wp-image-10672\" style=\"margin-right: 20px; margin-bottom: 10px; float: left;\" src=\"https:\/\/www.swisstabletennis.ch\/wp-content\/uploads\/2019\/03\/Flyer_forum_des_clubs_2018.PNG\" alt=\"Flyer forum des clubs 2018\" width=\"520\" height=\"885\" \/><\/a><\/p>\n","protected":false},"excerpt":{"rendered":"<p>Forum des clubs: 17 juin 2023 \u00e0 Schaffhouse &#8211; (annul\u00e9) Le Forum des clubs 2023 n&rsquo;a malheureusement pas eu lieu.&hellip;<\/p>\n","protected":false},"author":8,"featured_media":9064,"parent":0,"menu_order":0,"comment_status":"closed","ping_status":"closed","template":"","meta":{"_monsterinsights_skip_tracking":false,"_monsterinsights_sitenote_active":false,"_monsterinsights_sitenote_note":"","_monsterinsights_sitenote_category":0,"footnotes":""},"class_list":["post-3118","page","type-page","status-publish","has-post-thumbnail","hentry"],"_links":{"self":[{"href":"https:\/\/www.swisstabletennis.ch\/fr\/wp-json\/wp\/v2\/pages\/3118","targetHints":{"allow":["GET"]}}],"collection":[{"href":"https:\/\/www.swisstabletennis.ch\/fr\/wp-json\/wp\/v2\/pages"}],"about":[{"href":"https:\/\/www.swisstabletennis.ch\/fr\/wp-json\/wp\/v2\/types\/page"}],"author":[{"embeddable":true,"href":"https:\/\/www.swisstabletennis.ch\/fr\/wp-json\/wp\/v2\/users\/8"}],"replies":[{"embeddable":true,"href":"https:\/\/www.swisstabletennis.ch\/fr\/wp-json\/wp\/v2\/comments?post=3118"}],"version-history":[{"count":0,"href":"https:\/\/www.swisstabletennis.ch\/fr\/wp-json\/wp\/v2\/pages\/3118\/revisions"}],"wp:featuredmedia":[{"embeddable":true,"href":"https:\/\/www.swisstabletennis.ch\/fr\/wp-json\/wp\/v2\/media\/9064"}],"wp:attachment":[{"href":"https:\/\/www.swisstabletennis.ch\/fr\/wp-json\/wp\/v2\/media?parent=3118"}],"curies":[{"name":"wp","href":"https:\/\/api.w.org\/{rel}","templated":true}]}}