{"id":32744,"date":"2024-08-29T09:29:23","date_gmt":"2024-08-29T07:29:23","guid":{"rendered":"https:\/\/www.swisstabletennis.ch\/?page_id=32744"},"modified":"2025-12-02T13:47:31","modified_gmt":"2025-12-02T12:47:31","slug":"logiciel-de-tournoi","status":"publish","type":"page","link":"https:\/\/www.swisstabletennis.ch\/fr\/logiciel-de-tournoi\/","title":{"rendered":"Logiciel de tournoi"},"content":{"rendered":"<p>&nbsp;<\/p>\n<p><strong><u>Coop\u00e9ration entre Swiss Table Tennis et \u00ab\u00a0TTT-Organizer\u00a0\u00bb<\/u><\/strong><\/p>\n<p><u>Pr\u00e9sentation<\/u><\/p>\n<p>Afin de soutenir les clubs et avec l\u2019objectif que plus de tournois (pour les joueurs licenci\u00e9s et non licenci\u00e9s) soient organis\u00e9s, Swiss Table Tennis met \u00e0 la disposition des organisateurs de tournois (les clubs, ainsi que les associations r\u00e9gionales et cantonales de tennis) le logiciel \u00ab\u00a0TTT-Organizer\u00a0\u00bb.<\/p>\n<p>Le prix fix\u00e9 pour l\u2019utilisation du logiciel est de CHF 1.- par joueur inscrit lors du moment du tirage au sort. Swiss Table Tennis va financer ce projet \u00e0 long terme, qui a pour objectifs de faciliter la t\u00e2che des clubs et des juge-arbitres pour l\u2019organisation des tournois, ainsi que des joueurs et des spectateurs pour les inscriptions et le suivi en direct des comp\u00e9titions.<\/p>\n<p>Des formations pour les organisateurs de tournois ainsi que pour les juges-arbitres seront propos\u00e9es afin d\u2019apprendre \u00e0 conna\u00eetre et utiliser le logiciel.<\/p>\n<p>Interess\u00e9s pour la formation? Merci d&rsquo;\u00e9crire un mail \u00e0 info@swisstabletennis.ch<\/p>\n<p>Voici une introduction au logiciel de tournoi TTT-Organizer, accompagn\u00e9e de ses diverses prestations : <a href=\"https:\/\/www.swisstabletennis.ch\/wp-content\/uploads\/2024\/10\/TTT-Organizer-Introduction.pdf\">Introduction<\/a><\/p>\n<p><u>Marche \u00e0 suivre : qui contacter ?<\/u><\/p>\n<ul>\n<li>Afin de pouvoir utiliser le logiciel \u00ab TTT-Organizer \u00bb, vous devez signer le <a href=\"https:\/\/www.swisstabletennis.ch\/wp-content\/uploads\/2024\/08\/Contrat-dutilisation-1.pdf\">Contrat d&rsquo;utilisation<\/a> et l\u2019envoyer par mail \u00e0 <a href=\"mailto:info@swisstabletennis.ch\">info@swisstabletennis.ch<\/a> .<\/li>\n<li>Si vous avez des questions concernant le contrat d\u2019utilisation du logiciel \u00ab\u00a0TTT-Organizer\u00a0\u00bb, merci d\u2019envoyer un mail \u00e0 <a href=\"mailto:info@swisstabletennis.ch\">info@swisstabletennis.ch<\/a> .<\/li>\n<li>Si vous avez des propositions d\u2019am\u00e9lioration du logiciel, vous pouvez envoyer un mail \u00e0 <a href=\"mailto:info@tt-turnier.ch\">info@tt-turnier.ch<\/a> et copie \u00e0 <a href=\"mailto:info@swisstabletennis.ch\">info@swisstabletennis.ch<\/a> .<\/li>\n<li>Pour des questions de support, vous pouvez envoyer un mail \u00e0 <a href=\"mailto:support@tt-turnier.ch\">support@tt-turnier.ch<\/a> ou via le site web du tournoi.<\/li>\n<\/ul>\n<p><u>Options facultatives (ind\u00e9pendant du contrat d\u2019utilisation entre Swiss Table Tennis et les diff\u00e9rents utilisateurs du logiciel \u00ab TTT-Organizer \u00bb<\/u><\/p>\n<ul>\n<li>Le co\u00fbt pour le payement en ligne des inscriptions\u00a0: actuellement 2,9% + 30 centimes par payement.<\/li>\n<li>Utilisation de la voix automatique\u00a0: CHF 20 par jour de tournoi.<\/li>\n<li>Service de piquet t\u00e9l\u00e9phonique possible (en accord avec Swiss Table Tennis)\u00a0: co\u00fbt de CHF 200 par jour de tournoi.<\/li>\n<li>Possibilit\u00e9 de laisser la gestion du tournoi \u00e0 l\u2019entreprise Sky-IT GmbH. Effectuer une demande par mail \u00e0 <a href=\"mailto:info@tt-turnier.ch\">info@tt-turnier.ch<\/a> .<\/li>\n<\/ul>\n<p>Les co\u00fbts sont les suivants :<\/p>\n<ul>\n<li>configuration du tournoi et transmission des r\u00e9sultats \u00e0 click-tt : CHF 50 par tournoi.<\/li>\n<li>direction du tournoi le jour du tournoi : CHF 30\/heure par personne.<\/li>\n<\/ul>\n<p><u>Q&amp;A<\/u><\/p>\n<p><strong>Quel est le co\u00fbt d\u2019utilisation du logiciel ?<\/strong><br \/>\nLe co\u00fbt est de CHF 1.- (TVA exclue) par joueur inscrit au tournoi, que ce soit pour des tournois ou s\u00e9ries licenci\u00e9s ou non-licenci\u00e9s.<\/p>\n<p><strong>Si l\u2019on utilise le logiciel TTT-Organizer, doit-on \u00e9galement payer la taxe de tournoi \u00e0 STT ?<\/strong><br \/>\nOui, il faut \u00e9galement payer la taxe de tournoi \u00e0 STT selon l\u2019article 11.4 du r\u00e8glement financier STT (CHF 2.- par joueur pour les tournois internationaux, nationaux et interr\u00e9gionaux).<\/p>\n<p><strong>Peut-on \u00e9galement utiliser le logiciel pour des tournois non-licenci\u00e9s ou des tournois internes ?<\/strong><br \/>\nOui, il est possible d\u2019utiliser le logiciel TTT-Organizer pour des tournois non-licenci\u00e9s ou des tournois internes.<\/p>\n<p><strong>Est-il obligatoire d\u2019utiliser le logiciel TTT-Organizer pour organiser un tournoi en Suisse ?<\/strong><br \/>\nNon, il n\u2019est pas obligatoire d\u2019utiliser le logiciel TTT-Organizer. Ce logiciel est mis \u00e0 disposition des organisateurs de tournois qui le souhaitent par STT pour un petit montant afin de soutenir les clubs.<\/p>\n<p><strong>Faut-il signer le contrat d\u2019utilisation du logiciel TTT-Organizer pour chaque nouveau tournoi ?<\/strong><br \/>\nNon, il n\u2019est pas n\u00e9cessaire de signer un nouveau contrat tant que les membres du comit\u00e9 sont les m\u00eames.<\/p>\n","protected":false},"excerpt":{"rendered":"<p>&nbsp; Coop\u00e9ration entre Swiss Table Tennis et \u00ab\u00a0TTT-Organizer\u00a0\u00bb Pr\u00e9sentation Afin de soutenir les clubs et avec l\u2019objectif que plus de&hellip;<\/p>\n","protected":false},"author":8,"featured_media":9064,"parent":0,"menu_order":0,"comment_status":"closed","ping_status":"closed","template":"","meta":{"_monsterinsights_skip_tracking":false,"_monsterinsights_sitenote_active":false,"_monsterinsights_sitenote_note":"","_monsterinsights_sitenote_category":0,"footnotes":""},"class_list":["post-32744","page","type-page","status-publish","has-post-thumbnail","hentry"],"_links":{"self":[{"href":"https:\/\/www.swisstabletennis.ch\/fr\/wp-json\/wp\/v2\/pages\/32744","targetHints":{"allow":["GET"]}}],"collection":[{"href":"https:\/\/www.swisstabletennis.ch\/fr\/wp-json\/wp\/v2\/pages"}],"about":[{"href":"https:\/\/www.swisstabletennis.ch\/fr\/wp-json\/wp\/v2\/types\/page"}],"author":[{"embeddable":true,"href":"https:\/\/www.swisstabletennis.ch\/fr\/wp-json\/wp\/v2\/users\/8"}],"replies":[{"embeddable":true,"href":"https:\/\/www.swisstabletennis.ch\/fr\/wp-json\/wp\/v2\/comments?post=32744"}],"version-history":[{"count":17,"href":"https:\/\/www.swisstabletennis.ch\/fr\/wp-json\/wp\/v2\/pages\/32744\/revisions"}],"predecessor-version":[{"id":44695,"href":"https:\/\/www.swisstabletennis.ch\/fr\/wp-json\/wp\/v2\/pages\/32744\/revisions\/44695"}],"wp:featuredmedia":[{"embeddable":true,"href":"https:\/\/www.swisstabletennis.ch\/fr\/wp-json\/wp\/v2\/media\/9064"}],"wp:attachment":[{"href":"https:\/\/www.swisstabletennis.ch\/fr\/wp-json\/wp\/v2\/media?parent=32744"}],"curies":[{"name":"wp","href":"https:\/\/api.w.org\/{rel}","templated":true}]}}