{"id":46027,"date":"2025-12-19T18:19:45","date_gmt":"2025-12-19T17:19:45","guid":{"rendered":"https:\/\/www.swisstabletennis.ch\/uebersicht-trainerausbildung-ab-2026\/"},"modified":"2025-12-21T23:24:19","modified_gmt":"2025-12-21T22:24:19","slug":"uebersicht-trainerausbildung","status":"publish","type":"page","link":"https:\/\/www.swisstabletennis.ch\/fr\/uebersicht-trainerausbildung\/","title":{"rendered":"Aper\u00e7u Formation des entra\u00eeneurs"},"content":{"rendered":"<p><em>La nouvelle structure de formation entrera en vigueur le 1er janvier 2026. Les deux grandes nouveaut\u00e9s sont qu\u2019il sera d\u00e9sormais possible de suivre une formation jusqu\u2019au dipl\u00f4me d\u2019entra\u00eeneur A dans le domaine du sport de loisir et que le choix des modules de formation continue pourra \u00eatre mieux adapt\u00e9 au groupe cible.<\/em><\/p>\n<table style=\"border-collapse: separate; border-spacing: 15px; width: 100%; max-width: 800px; margin: 20px auto;\">\n<tbody>\n<tr>\n<td style=\"width: 50%;\"><a style=\"display: block; background-color: #df0d0d; color: white; text-align: center; padding: 15px 20px; border-radius: 10px; text-decoration: none; font-weight: 500;\" href=\"https:\/\/www.swisstabletennis.ch\/fr\/jeunesse-sport-js\/\">Jeunesse + Sport (J+S)<\/a><\/td>\n<td style=\"width: 50%;\"><a style=\"display: block; background-color: #df0d0d; color: white; text-align: center; padding: 15px 20px; border-radius: 10px; text-decoration: none; font-weight: 500;\" href=\"https:\/\/www.swisstabletennis.ch\/fr\/structure-de-formation-js\/\">Structure de la formation J+S<\/a><\/td>\n<\/tr>\n<tr>\n<td><a style=\"display: block; background-color: #df0d0d; color: white; text-align: center; padding: 15px 20px; border-radius: 10px; text-decoration: none; font-weight: 500;\" href=\"https:\/\/www.swisstabletennis.ch\/fr\/infos-pour-responsables-js\/\">Informations pour moniteurs J+S<\/a><\/td>\n<td><a style=\"display: block; background-color: #df0d0d; color: white; text-align: center; padding: 15px 20px; border-radius: 10px; text-decoration: none; font-weight: 500;\" href=\"https:\/\/www.swisstabletennis.ch\/fr\/infos-pour-coachs-js\/\">Informations pour Coachs J+S<\/a><\/td>\n<\/tr>\n<tr>\n<td><a style=\"display: block; background-color: #df0d0d; color: white; text-align: center; padding: 15px 20px; border-radius: 10px; text-decoration: none; font-weight: 500;\" href=\"https:\/\/www.swisstabletennis.ch\/fr\/1418coach\/\">1418-Coach<\/a><\/td>\n<td><a style=\"display: block; background-color: #df0d0d; color: white; text-align: center; padding: 15px 20px; border-radius: 10px; text-decoration: none; font-weight: 500;\" href=\"https:\/\/www.swisstabletennis.ch\/fr\/entraineur-pour-adultes\/\">Entra\u00eeneur pour adultes<\/a><\/td>\n<\/tr>\n<tr>\n<td><a style=\"display: block; background-color: #df0d0d; color: white; text-align: center; padding: 15px 20px; border-radius: 10px; text-decoration: none; font-weight: 500;\" href=\"https:\/\/www.swisstabletennis.ch\/fr\/swissping\/\">SwissPing<\/a><\/td>\n<td><a style=\"display: block; background-color: #df0d0d; color: white; text-align: center; padding: 15px 20px; border-radius: 10px; text-decoration: none; font-weight: 500;\" href=\"https:\/\/www.swisstabletennis.ch\/fr\/informations-pour-entraineurs-dun-diplome-etranger\/\">Entra\u00eeneur dipl\u00f4m\u00e9 \u00e0 l&rsquo;\u00e9tranger<\/a><\/td>\n<\/tr>\n<\/tbody>\n<\/table>\n","protected":false},"excerpt":{"rendered":"<p>La nouvelle structure de formation entrera en vigueur le 1er janvier 2026. Les deux grandes nouveaut\u00e9s sont qu\u2019il sera d\u00e9sormais&hellip;<\/p>\n","protected":false},"author":19,"featured_media":45547,"parent":0,"menu_order":0,"comment_status":"closed","ping_status":"closed","template":"","meta":{"_monsterinsights_skip_tracking":false,"_monsterinsights_sitenote_active":false,"_monsterinsights_sitenote_note":"","_monsterinsights_sitenote_category":0,"footnotes":""},"class_list":["post-46027","page","type-page","status-publish","has-post-thumbnail","hentry"],"_links":{"self":[{"href":"https:\/\/www.swisstabletennis.ch\/fr\/wp-json\/wp\/v2\/pages\/46027","targetHints":{"allow":["GET"]}}],"collection":[{"href":"https:\/\/www.swisstabletennis.ch\/fr\/wp-json\/wp\/v2\/pages"}],"about":[{"href":"https:\/\/www.swisstabletennis.ch\/fr\/wp-json\/wp\/v2\/types\/page"}],"author":[{"embeddable":true,"href":"https:\/\/www.swisstabletennis.ch\/fr\/wp-json\/wp\/v2\/users\/19"}],"replies":[{"embeddable":true,"href":"https:\/\/www.swisstabletennis.ch\/fr\/wp-json\/wp\/v2\/comments?post=46027"}],"version-history":[{"count":7,"href":"https:\/\/www.swisstabletennis.ch\/fr\/wp-json\/wp\/v2\/pages\/46027\/revisions"}],"predecessor-version":[{"id":46108,"href":"https:\/\/www.swisstabletennis.ch\/fr\/wp-json\/wp\/v2\/pages\/46027\/revisions\/46108"}],"wp:featuredmedia":[{"embeddable":true,"href":"https:\/\/www.swisstabletennis.ch\/fr\/wp-json\/wp\/v2\/media\/45547"}],"wp:attachment":[{"href":"https:\/\/www.swisstabletennis.ch\/fr\/wp-json\/wp\/v2\/media?parent=46027"}],"curies":[{"name":"wp","href":"https:\/\/api.w.org\/{rel}","templated":true}]}}