{"id":18582,"date":"2022-12-12T15:18:05","date_gmt":"2022-12-12T14:18:05","guid":{"rendered":"https:\/\/www.swisstabletennis.ch\/?post_type=product&#038;p=18582"},"modified":"2023-07-13T22:18:40","modified_gmt":"2023-07-13T20:18:40","slug":"donic-skirt-irion","status":"publish","type":"product","link":"https:\/\/www.swisstabletennis.ch\/fr\/produit\/donic-skirt-irion\/","title":{"rendered":"Donic Skirt Irion"},"content":{"rendered":"<p>Combinaison jupe\/short en mati\u00e8re \u00e9lastique agr\u00e9able \u00e0 porter. Coupe plus longue. Avec une taille \u00e9lastique.<\/p>\n<p>Dessus : 90% polyester, 10% \u00e9lasthanne<\/p>\n","protected":false},"excerpt":{"rendered":"<p>Combinaison jupe\/short en mati\u00e8re \u00e9lastique agr\u00e9able \u00e0 porter. Coupe plus longue. Avec une taille \u00e9lastique. Dessus : 90% polyester, 10%&hellip;<\/p>\n","protected":false},"featured_media":18487,"template":"","meta":{"_monsterinsights_skip_tracking":false,"_monsterinsights_sitenote_active":false,"_monsterinsights_sitenote_note":"","_monsterinsights_sitenote_category":0},"product_brand":[],"product_cat":[130],"product_tag":[],"class_list":{"0":"post-18582","1":"product","2":"type-product","3":"status-publish","4":"has-post-thumbnail","6":"product_cat-vetements-pour-cadres-avant-saison","8":"first","9":"instock","10":"shipping-taxable","11":"purchasable","12":"product-type-variable"},"_links":{"self":[{"href":"https:\/\/www.swisstabletennis.ch\/fr\/wp-json\/wp\/v2\/product\/18582","targetHints":{"allow":["GET"]}}],"collection":[{"href":"https:\/\/www.swisstabletennis.ch\/fr\/wp-json\/wp\/v2\/product"}],"about":[{"href":"https:\/\/www.swisstabletennis.ch\/fr\/wp-json\/wp\/v2\/types\/product"}],"wp:featuredmedia":[{"embeddable":true,"href":"https:\/\/www.swisstabletennis.ch\/fr\/wp-json\/wp\/v2\/media\/18487"}],"wp:attachment":[{"href":"https:\/\/www.swisstabletennis.ch\/fr\/wp-json\/wp\/v2\/media?parent=18582"}],"wp:term":[{"taxonomy":"product_brand","embeddable":true,"href":"https:\/\/www.swisstabletennis.ch\/fr\/wp-json\/wp\/v2\/product_brand?post=18582"},{"taxonomy":"product_cat","embeddable":true,"href":"https:\/\/www.swisstabletennis.ch\/fr\/wp-json\/wp\/v2\/product_cat?post=18582"},{"taxonomy":"product_tag","embeddable":true,"href":"https:\/\/www.swisstabletennis.ch\/fr\/wp-json\/wp\/v2\/product_tag?post=18582"}],"curies":[{"name":"wp","href":"https:\/\/api.w.org\/{rel}","templated":true}]}}