{"id":18607,"date":"2022-12-12T17:03:23","date_gmt":"2022-12-14T12:54:12","guid":{"rendered":"https:\/\/www.swisstabletennis.ch\/?post_type=product&#038;p=18607"},"modified":"2025-07-22T15:35:06","modified_gmt":"2025-07-22T13:35:06","slug":"donic-veste-de-survetement-heat","status":"publish","type":"product","link":"https:\/\/www.swisstabletennis.ch\/fr\/produit\/donic-veste-de-survetement-heat\/","title":{"rendered":"Donic Veste de surv\u00eatement Heat"},"content":{"rendered":"<p>Combinaison de sport styl\u00e9e \u00e0 la coupe pr\u00e8s du corps et tr\u00e8s confortable. La mati\u00e8re chaude et extensible MESH-Terry offre une grande libert\u00e9 de mouvement lors de l&rsquo;\u00e9chauffement. Veste avec empi\u00e8cements de couleur contrast\u00e9e, avec taille droite et 2 poches lat\u00e9rales \u00e0 fermeture \u00e9clair.<\/p>\n<p>Mat\u00e9riau : 100 % polyester Mesh-Dry Fit<\/p>\n","protected":false},"excerpt":{"rendered":"<p>Combinaison de sport styl\u00e9e \u00e0 la coupe pr\u00e8s du corps et tr\u00e8s confortable. La mati\u00e8re chaude et extensible MESH-Terry offre&hellip;<\/p>\n","protected":false},"featured_media":18606,"template":"","meta":{"_monsterinsights_skip_tracking":false,"_monsterinsights_sitenote_active":false,"_monsterinsights_sitenote_note":"","_monsterinsights_sitenote_category":0},"product_brand":[],"product_cat":[130],"product_tag":[],"class_list":{"0":"post-18607","1":"product","2":"type-product","3":"status-publish","4":"has-post-thumbnail","6":"product_cat-vetements-pour-cadres-avant-saison","8":"first","9":"instock","10":"shipping-taxable","11":"purchasable","12":"product-type-variable"},"_links":{"self":[{"href":"https:\/\/www.swisstabletennis.ch\/fr\/wp-json\/wp\/v2\/product\/18607","targetHints":{"allow":["GET"]}}],"collection":[{"href":"https:\/\/www.swisstabletennis.ch\/fr\/wp-json\/wp\/v2\/product"}],"about":[{"href":"https:\/\/www.swisstabletennis.ch\/fr\/wp-json\/wp\/v2\/types\/product"}],"wp:featuredmedia":[{"embeddable":true,"href":"https:\/\/www.swisstabletennis.ch\/fr\/wp-json\/wp\/v2\/media\/18606"}],"wp:attachment":[{"href":"https:\/\/www.swisstabletennis.ch\/fr\/wp-json\/wp\/v2\/media?parent=18607"}],"wp:term":[{"taxonomy":"product_brand","embeddable":true,"href":"https:\/\/www.swisstabletennis.ch\/fr\/wp-json\/wp\/v2\/product_brand?post=18607"},{"taxonomy":"product_cat","embeddable":true,"href":"https:\/\/www.swisstabletennis.ch\/fr\/wp-json\/wp\/v2\/product_cat?post=18607"},{"taxonomy":"product_tag","embeddable":true,"href":"https:\/\/www.swisstabletennis.ch\/fr\/wp-json\/wp\/v2\/product_tag?post=18607"}],"curies":[{"name":"wp","href":"https:\/\/api.w.org\/{rel}","templated":true}]}}