{"id":29059,"date":"2024-03-14T12:13:26","date_gmt":"2024-03-14T11:14:13","guid":{"rendered":"https:\/\/www.swisstabletennis.ch\/?post_type=product&#038;p=29059"},"modified":"2025-05-01T12:06:57","modified_gmt":"2025-05-01T10:06:57","slug":"paquets-de-sucre-de-raisin","status":"publish","type":"product","link":"https:\/\/www.swisstabletennis.ch\/fr\/produit\/paquets-de-sucre-de-raisin\/","title":{"rendered":"Paquets de sucre de raisin"},"content":{"rendered":"<p>Les sucres de raisin ne peuvent \u00eatre command\u00e9s que dans le cadre d&rsquo;une manifestation du Gubler School Trophy.<\/p>\n<p>En ce qui concerne les quantit\u00e9s qui peuvent \u00eatre command\u00e9es, elles se basent sur les contingents de la saison pr\u00e9c\u00e9dente.<\/p>\n","protected":false},"excerpt":{"rendered":"<p>Les sucres de raisin ne peuvent \u00eatre command\u00e9s que dans le cadre d&rsquo;une manifestation du Gubler School Trophy. En ce&hellip;<\/p>\n","protected":false},"featured_media":29058,"template":"","meta":{"_monsterinsights_skip_tracking":false,"_monsterinsights_sitenote_active":false,"_monsterinsights_sitenote_note":"","_monsterinsights_sitenote_category":0},"product_brand":[],"product_cat":[125],"product_tag":[],"class_list":{"0":"post-29059","1":"product","2":"type-product","3":"status-publish","4":"has-post-thumbnail","6":"product_cat-gubler-school-trophy-fr","8":"first","9":"instock","10":"shipping-taxable","11":"purchasable","12":"product-type-simple"},"_links":{"self":[{"href":"https:\/\/www.swisstabletennis.ch\/fr\/wp-json\/wp\/v2\/product\/29059","targetHints":{"allow":["GET"]}}],"collection":[{"href":"https:\/\/www.swisstabletennis.ch\/fr\/wp-json\/wp\/v2\/product"}],"about":[{"href":"https:\/\/www.swisstabletennis.ch\/fr\/wp-json\/wp\/v2\/types\/product"}],"wp:featuredmedia":[{"embeddable":true,"href":"https:\/\/www.swisstabletennis.ch\/fr\/wp-json\/wp\/v2\/media\/29058"}],"wp:attachment":[{"href":"https:\/\/www.swisstabletennis.ch\/fr\/wp-json\/wp\/v2\/media?parent=29059"}],"wp:term":[{"taxonomy":"product_brand","embeddable":true,"href":"https:\/\/www.swisstabletennis.ch\/fr\/wp-json\/wp\/v2\/product_brand?post=29059"},{"taxonomy":"product_cat","embeddable":true,"href":"https:\/\/www.swisstabletennis.ch\/fr\/wp-json\/wp\/v2\/product_cat?post=29059"},{"taxonomy":"product_tag","embeddable":true,"href":"https:\/\/www.swisstabletennis.ch\/fr\/wp-json\/wp\/v2\/product_tag?post=29059"}],"curies":[{"name":"wp","href":"https:\/\/api.w.org\/{rel}","templated":true}]}}