{"id":38145,"date":"2025-03-13T11:39:31","date_gmt":"2025-03-13T10:41:52","guid":{"rendered":"https:\/\/www.swisstabletennis.ch\/?post_type=product&#038;p=38145"},"modified":"2025-03-13T11:41:52","modified_gmt":"2025-03-13T10:41:52","slug":"serviette-rafraichissante-remy-dans-un-conteneur-pet","status":"publish","type":"product","link":"https:\/\/www.swisstabletennis.ch\/fr\/produit\/serviette-rafraichissante-remy-dans-un-conteneur-pet\/","title":{"rendered":"Serviette rafra\u00eechissante Remy dans un conteneur PET"},"content":{"rendered":"<p>Serviette rafra\u00eechissante \u00e0 absorption rapide, \u00e0 s\u00e9chage rapide et lavable en polyester solide et r\u00e9sistant, parfaite pour rester au frais pendant l&rsquo;entra\u00eenement ou toutes les activit\u00e9s de plein air. Livr\u00e9e dans une bo\u00eete en PET avec poign\u00e9e et mousqueton int\u00e9gr\u00e9 pour un transport facile.<\/p>\n<p>PET plastique : 30 x 80cm<br \/>\nServiette rafra\u00eechissante : 170x50mm<\/p>\n","protected":false},"excerpt":{"rendered":"<p>Serviette rafra\u00eechissante \u00e0 absorption rapide, \u00e0 s\u00e9chage rapide et lavable en polyester solide et r\u00e9sistant, parfaite pour rester au frais&hellip;<\/p>\n","protected":false},"featured_media":38144,"template":"","meta":{"_monsterinsights_skip_tracking":false,"_monsterinsights_sitenote_active":false,"_monsterinsights_sitenote_note":"","_monsterinsights_sitenote_category":0},"product_brand":[],"product_cat":[127],"product_tag":[],"class_list":{"0":"post-38145","1":"product","2":"type-product","3":"status-publish","4":"has-post-thumbnail","6":"product_cat-swiss-table-tennis-fr","8":"first","9":"instock","10":"shipping-taxable","11":"purchasable","12":"product-type-simple"},"_links":{"self":[{"href":"https:\/\/www.swisstabletennis.ch\/fr\/wp-json\/wp\/v2\/product\/38145","targetHints":{"allow":["GET"]}}],"collection":[{"href":"https:\/\/www.swisstabletennis.ch\/fr\/wp-json\/wp\/v2\/product"}],"about":[{"href":"https:\/\/www.swisstabletennis.ch\/fr\/wp-json\/wp\/v2\/types\/product"}],"wp:featuredmedia":[{"embeddable":true,"href":"https:\/\/www.swisstabletennis.ch\/fr\/wp-json\/wp\/v2\/media\/38144"}],"wp:attachment":[{"href":"https:\/\/www.swisstabletennis.ch\/fr\/wp-json\/wp\/v2\/media?parent=38145"}],"wp:term":[{"taxonomy":"product_brand","embeddable":true,"href":"https:\/\/www.swisstabletennis.ch\/fr\/wp-json\/wp\/v2\/product_brand?post=38145"},{"taxonomy":"product_cat","embeddable":true,"href":"https:\/\/www.swisstabletennis.ch\/fr\/wp-json\/wp\/v2\/product_cat?post=38145"},{"taxonomy":"product_tag","embeddable":true,"href":"https:\/\/www.swisstabletennis.ch\/fr\/wp-json\/wp\/v2\/product_tag?post=38145"}],"curies":[{"name":"wp","href":"https:\/\/api.w.org\/{rel}","templated":true}]}}