{"id":41327,"date":"2025-07-22T09:17:08","date_gmt":"2025-07-22T07:17:55","guid":{"rendered":"https:\/\/www.swisstabletennis.ch\/?post_type=product&#038;p=41327"},"modified":"2025-07-22T09:17:55","modified_gmt":"2025-07-22T07:17:55","slug":"donic-shorts-radiate-noir","status":"publish","type":"product","link":"https:\/\/www.swisstabletennis.ch\/fr\/produit\/donic-shorts-radiate-noir\/","title":{"rendered":"DONIC shorts Radiate noir"},"content":{"rendered":"<p>Short haut de gamme en mati\u00e8re fonctionnelle l\u00e9g\u00e8re et \u00e9lastique qui \u00e9vacue la transpiration vers l&rsquo;ext\u00e9rieur. Le polyester stretch respirant garantit une libert\u00e9 de mouvement optimale. Avec taille \u00e9lastique et deux poches lat\u00e9rales.<\/p>\n<p>Mat\u00e9riau : 100 % polyester Dryflex<\/p>\n","protected":false},"excerpt":{"rendered":"<p>Short haut de gamme en mati\u00e8re fonctionnelle l\u00e9g\u00e8re et \u00e9lastique qui \u00e9vacue la transpiration vers l&rsquo;ext\u00e9rieur. Le polyester stretch respirant&hellip;<\/p>\n","protected":false},"featured_media":41228,"template":"","meta":{"_monsterinsights_skip_tracking":false,"_monsterinsights_sitenote_active":false,"_monsterinsights_sitenote_note":"","_monsterinsights_sitenote_category":0},"product_brand":[],"product_cat":[130],"product_tag":[],"class_list":{"0":"post-41327","1":"product","2":"type-product","3":"status-publish","4":"has-post-thumbnail","6":"product_cat-vetements-pour-cadres-avant-saison","8":"first","9":"instock","10":"shipping-taxable","11":"purchasable","12":"product-type-variable"},"_links":{"self":[{"href":"https:\/\/www.swisstabletennis.ch\/fr\/wp-json\/wp\/v2\/product\/41327","targetHints":{"allow":["GET"]}}],"collection":[{"href":"https:\/\/www.swisstabletennis.ch\/fr\/wp-json\/wp\/v2\/product"}],"about":[{"href":"https:\/\/www.swisstabletennis.ch\/fr\/wp-json\/wp\/v2\/types\/product"}],"wp:featuredmedia":[{"embeddable":true,"href":"https:\/\/www.swisstabletennis.ch\/fr\/wp-json\/wp\/v2\/media\/41228"}],"wp:attachment":[{"href":"https:\/\/www.swisstabletennis.ch\/fr\/wp-json\/wp\/v2\/media?parent=41327"}],"wp:term":[{"taxonomy":"product_brand","embeddable":true,"href":"https:\/\/www.swisstabletennis.ch\/fr\/wp-json\/wp\/v2\/product_brand?post=41327"},{"taxonomy":"product_cat","embeddable":true,"href":"https:\/\/www.swisstabletennis.ch\/fr\/wp-json\/wp\/v2\/product_cat?post=41327"},{"taxonomy":"product_tag","embeddable":true,"href":"https:\/\/www.swisstabletennis.ch\/fr\/wp-json\/wp\/v2\/product_tag?post=41327"}],"curies":[{"name":"wp","href":"https:\/\/api.w.org\/{rel}","templated":true}]}}