{"id":41330,"date":"2025-07-22T09:17:08","date_gmt":"2025-07-22T07:17:08","guid":{"rendered":"https:\/\/www.swisstabletennis.ch\/?post_type=product&#038;p=41330"},"modified":"2025-09-12T14:02:31","modified_gmt":"2025-09-12T12:02:31","slug":"donic-pantalon-dentrainement-craft","status":"publish","type":"product","link":"https:\/\/www.swisstabletennis.ch\/fr\/produit\/donic-pantalon-dentrainement-craft\/","title":{"rendered":"DONIC Pantalon d&rsquo;entra\u00eenement CRAFT"},"content":{"rendered":"<p>La mati\u00e8re STRETCH-TERRY chaude et extensible offre une grande libert\u00e9 de mouvement pendant l&rsquo;\u00e9chauffement. Pantalon avec taille \u00e9lastique, cordon de serrage int\u00e9rieur et ouverture zipp\u00e9e au niveau des jambes sans ourlet.<\/p>\n<p>Mati\u00e8re : 100 % polyester STRETCH-TERRY<\/p>\n","protected":false},"excerpt":{"rendered":"<p>La mati\u00e8re STRETCH-TERRY chaude et extensible offre une grande libert\u00e9 de mouvement pendant l&rsquo;\u00e9chauffement. Pantalon avec taille \u00e9lastique, cordon de&hellip;<\/p>\n","protected":false},"featured_media":41147,"template":"","meta":{"_monsterinsights_skip_tracking":false,"_monsterinsights_sitenote_active":false,"_monsterinsights_sitenote_note":"","_monsterinsights_sitenote_category":0},"product_brand":[],"product_cat":[130],"product_tag":[],"class_list":{"0":"post-41330","1":"product","2":"type-product","3":"status-publish","4":"has-post-thumbnail","6":"product_cat-vetements-pour-cadres-avant-saison","8":"first","9":"instock","10":"shipping-taxable","11":"purchasable","12":"product-type-variable"},"_links":{"self":[{"href":"https:\/\/www.swisstabletennis.ch\/fr\/wp-json\/wp\/v2\/product\/41330","targetHints":{"allow":["GET"]}}],"collection":[{"href":"https:\/\/www.swisstabletennis.ch\/fr\/wp-json\/wp\/v2\/product"}],"about":[{"href":"https:\/\/www.swisstabletennis.ch\/fr\/wp-json\/wp\/v2\/types\/product"}],"wp:featuredmedia":[{"embeddable":true,"href":"https:\/\/www.swisstabletennis.ch\/fr\/wp-json\/wp\/v2\/media\/41147"}],"wp:attachment":[{"href":"https:\/\/www.swisstabletennis.ch\/fr\/wp-json\/wp\/v2\/media?parent=41330"}],"wp:term":[{"taxonomy":"product_brand","embeddable":true,"href":"https:\/\/www.swisstabletennis.ch\/fr\/wp-json\/wp\/v2\/product_brand?post=41330"},{"taxonomy":"product_cat","embeddable":true,"href":"https:\/\/www.swisstabletennis.ch\/fr\/wp-json\/wp\/v2\/product_cat?post=41330"},{"taxonomy":"product_tag","embeddable":true,"href":"https:\/\/www.swisstabletennis.ch\/fr\/wp-json\/wp\/v2\/product_tag?post=41330"}],"curies":[{"name":"wp","href":"https:\/\/api.w.org\/{rel}","templated":true}]}}