{"id":41341,"date":"2025-07-22T09:17:08","date_gmt":"2025-07-22T07:17:55","guid":{"rendered":"https:\/\/www.swisstabletennis.ch\/?post_type=product&#038;p=41341"},"modified":"2025-07-22T09:17:55","modified_gmt":"2025-07-22T07:17:55","slug":"donic-veste-de-survetement-final-noir-citron-vert","status":"publish","type":"product","link":"https:\/\/www.swisstabletennis.ch\/fr\/produit\/donic-veste-de-survetement-final-noir-citron-vert\/","title":{"rendered":"DONIC Veste de surv\u00eatement Final noir-citron vert"},"content":{"rendered":"<p>Cette veste de surv\u00eatement \u00e0 la coupe ajust\u00e9e offre un confort parfait gr\u00e2ce \u00e0 sa mati\u00e8re l\u00e9g\u00e8re.<br \/>\nVeste \u00e0 taille droite et fermeture \u00e0 glissi\u00e8re.<\/p>\n<p>Mati\u00e8re : 100 % polyester poly-terry<\/p>\n","protected":false},"excerpt":{"rendered":"<p>Cette veste de surv\u00eatement \u00e0 la coupe ajust\u00e9e offre un confort parfait gr\u00e2ce \u00e0 sa mati\u00e8re l\u00e9g\u00e8re. Veste \u00e0 taille&hellip;<\/p>\n","protected":false},"featured_media":41217,"template":"","meta":{"_monsterinsights_skip_tracking":false,"_monsterinsights_sitenote_active":false,"_monsterinsights_sitenote_note":"","_monsterinsights_sitenote_category":0},"product_brand":[],"product_cat":[130],"product_tag":[],"class_list":{"0":"post-41341","1":"product","2":"type-product","3":"status-publish","4":"has-post-thumbnail","6":"product_cat-vetements-pour-cadres-avant-saison","8":"first","9":"instock","10":"shipping-taxable","11":"purchasable","12":"product-type-variable"},"_links":{"self":[{"href":"https:\/\/www.swisstabletennis.ch\/fr\/wp-json\/wp\/v2\/product\/41341","targetHints":{"allow":["GET"]}}],"collection":[{"href":"https:\/\/www.swisstabletennis.ch\/fr\/wp-json\/wp\/v2\/product"}],"about":[{"href":"https:\/\/www.swisstabletennis.ch\/fr\/wp-json\/wp\/v2\/types\/product"}],"wp:featuredmedia":[{"embeddable":true,"href":"https:\/\/www.swisstabletennis.ch\/fr\/wp-json\/wp\/v2\/media\/41217"}],"wp:attachment":[{"href":"https:\/\/www.swisstabletennis.ch\/fr\/wp-json\/wp\/v2\/media?parent=41341"}],"wp:term":[{"taxonomy":"product_brand","embeddable":true,"href":"https:\/\/www.swisstabletennis.ch\/fr\/wp-json\/wp\/v2\/product_brand?post=41341"},{"taxonomy":"product_cat","embeddable":true,"href":"https:\/\/www.swisstabletennis.ch\/fr\/wp-json\/wp\/v2\/product_cat?post=41341"},{"taxonomy":"product_tag","embeddable":true,"href":"https:\/\/www.swisstabletennis.ch\/fr\/wp-json\/wp\/v2\/product_tag?post=41341"}],"curies":[{"name":"wp","href":"https:\/\/api.w.org\/{rel}","templated":true}]}}