{"id":41351,"date":"2025-07-22T09:17:07","date_gmt":"2025-07-22T07:17:07","guid":{"rendered":"https:\/\/www.swisstabletennis.ch\/?post_type=product&#038;p=41351"},"modified":"2025-07-26T11:43:58","modified_gmt":"2025-07-26T09:43:58","slug":"donic-polo-flow","status":"publish","type":"product","link":"https:\/\/www.swisstabletennis.ch\/fr\/produit\/donic-polo-flow\/","title":{"rendered":"DONIC Polo FLOW"},"content":{"rendered":"<p>Maillot de tennis de table bicolore avec imprim\u00e9 sur le bas du devant. La mati\u00e8re fonctionnelle Drylite, respirante et \u00e9vacuant l&rsquo;humidit\u00e9, est l\u00e9g\u00e8re et agr\u00e9able \u00e0 porter.<\/p>\n<p>Mat\u00e9riau : 100 % polyester Drylite<\/p>\n","protected":false},"excerpt":{"rendered":"<p>Maillot de tennis de table bicolore avec imprim\u00e9 sur le bas du devant. La mati\u00e8re fonctionnelle Drylite, respirante et \u00e9vacuant&hellip;<\/p>\n","protected":false},"featured_media":41245,"template":"","meta":{"_monsterinsights_skip_tracking":false,"_monsterinsights_sitenote_active":false,"_monsterinsights_sitenote_note":"","_monsterinsights_sitenote_category":0},"product_brand":[],"product_cat":[130],"product_tag":[],"class_list":{"0":"post-41351","1":"product","2":"type-product","3":"status-publish","4":"has-post-thumbnail","6":"product_cat-vetements-pour-cadres-avant-saison","8":"first","9":"instock","10":"shipping-taxable","11":"purchasable","12":"product-type-variable"},"_links":{"self":[{"href":"https:\/\/www.swisstabletennis.ch\/fr\/wp-json\/wp\/v2\/product\/41351","targetHints":{"allow":["GET"]}}],"collection":[{"href":"https:\/\/www.swisstabletennis.ch\/fr\/wp-json\/wp\/v2\/product"}],"about":[{"href":"https:\/\/www.swisstabletennis.ch\/fr\/wp-json\/wp\/v2\/types\/product"}],"wp:featuredmedia":[{"embeddable":true,"href":"https:\/\/www.swisstabletennis.ch\/fr\/wp-json\/wp\/v2\/media\/41245"}],"wp:attachment":[{"href":"https:\/\/www.swisstabletennis.ch\/fr\/wp-json\/wp\/v2\/media?parent=41351"}],"wp:term":[{"taxonomy":"product_brand","embeddable":true,"href":"https:\/\/www.swisstabletennis.ch\/fr\/wp-json\/wp\/v2\/product_brand?post=41351"},{"taxonomy":"product_cat","embeddable":true,"href":"https:\/\/www.swisstabletennis.ch\/fr\/wp-json\/wp\/v2\/product_cat?post=41351"},{"taxonomy":"product_tag","embeddable":true,"href":"https:\/\/www.swisstabletennis.ch\/fr\/wp-json\/wp\/v2\/product_tag?post=41351"}],"curies":[{"name":"wp","href":"https:\/\/api.w.org\/{rel}","templated":true}]}}