{"id":41363,"date":"2025-07-22T09:17:08","date_gmt":"2025-07-22T07:17:55","guid":{"rendered":"https:\/\/www.swisstabletennis.ch\/?post_type=product&#038;p=41363"},"modified":"2025-07-23T22:15:41","modified_gmt":"2025-07-23T20:15:41","slug":"donic-sprint","status":"publish","type":"product","link":"https:\/\/www.swisstabletennis.ch\/fr\/produit\/donic-sprint\/","title":{"rendered":"DONIC Sprint"},"content":{"rendered":"<p>Avec le short Donic Sprint, tu es pr\u00eat pour ton prochain entra\u00eenement. Short l\u00e9ger et respirant avec 2 fentes lat\u00e9rales pour une libert\u00e9 de mouvement optimale. Le short Sprint dispose de 2 poches lat\u00e9rales et d&rsquo;un cordon de serrage int\u00e9rieur dans la taille \u00e9lastique.<\/p>\n<p>Mat\u00e9riau : 100 % polyester Dryflex<\/p>\n","protected":false},"excerpt":{"rendered":"<p>Avec le short Donic Sprint, tu es pr\u00eat pour ton prochain entra\u00eenement. Short l\u00e9ger et respirant avec 2 fentes lat\u00e9rales&hellip;<\/p>\n","protected":false},"featured_media":41169,"template":"","meta":{"_monsterinsights_skip_tracking":false,"_monsterinsights_sitenote_active":false,"_monsterinsights_sitenote_note":"","_monsterinsights_sitenote_category":0},"product_brand":[],"product_cat":[130],"product_tag":[],"class_list":{"0":"post-41363","1":"product","2":"type-product","3":"status-publish","4":"has-post-thumbnail","6":"product_cat-vetements-pour-cadres-avant-saison","8":"first","9":"instock","10":"shipping-taxable","11":"purchasable","12":"product-type-variable"},"_links":{"self":[{"href":"https:\/\/www.swisstabletennis.ch\/fr\/wp-json\/wp\/v2\/product\/41363","targetHints":{"allow":["GET"]}}],"collection":[{"href":"https:\/\/www.swisstabletennis.ch\/fr\/wp-json\/wp\/v2\/product"}],"about":[{"href":"https:\/\/www.swisstabletennis.ch\/fr\/wp-json\/wp\/v2\/types\/product"}],"wp:featuredmedia":[{"embeddable":true,"href":"https:\/\/www.swisstabletennis.ch\/fr\/wp-json\/wp\/v2\/media\/41169"}],"wp:attachment":[{"href":"https:\/\/www.swisstabletennis.ch\/fr\/wp-json\/wp\/v2\/media?parent=41363"}],"wp:term":[{"taxonomy":"product_brand","embeddable":true,"href":"https:\/\/www.swisstabletennis.ch\/fr\/wp-json\/wp\/v2\/product_brand?post=41363"},{"taxonomy":"product_cat","embeddable":true,"href":"https:\/\/www.swisstabletennis.ch\/fr\/wp-json\/wp\/v2\/product_cat?post=41363"},{"taxonomy":"product_tag","embeddable":true,"href":"https:\/\/www.swisstabletennis.ch\/fr\/wp-json\/wp\/v2\/product_tag?post=41363"}],"curies":[{"name":"wp","href":"https:\/\/api.w.org\/{rel}","templated":true}]}}