{"id":41368,"date":"2025-07-22T09:17:07","date_gmt":"2025-07-22T07:17:55","guid":{"rendered":"https:\/\/www.swisstabletennis.ch\/?post_type=product&#038;p=41368"},"modified":"2025-07-23T08:57:52","modified_gmt":"2025-07-23T06:57:52","slug":"donic-short-sprint","status":"publish","type":"product","link":"https:\/\/www.swisstabletennis.ch\/fr\/produit\/donic-short-sprint\/","title":{"rendered":"Donic Short Sprint"},"content":{"rendered":"<p>Short de tennis de table l\u00e9ger en mati\u00e8re fonctionnelle respirante et \u00e9lastique. Avec 2 fentes lat\u00e9rales pour une libert\u00e9 de mouvement optimale, taille \u00e9lastique, cordon de serrage int\u00e9rieur et deux poches lat\u00e9rales.<\/p>\n<p>Mati\u00e8re ext\u00e9rieure : 100 % polyester DRYLITE<\/p>\n","protected":false},"excerpt":{"rendered":"<p>Short de tennis de table l\u00e9ger en mati\u00e8re fonctionnelle respirante et \u00e9lastique. Avec 2 fentes lat\u00e9rales pour une libert\u00e9 de&hellip;<\/p>\n","protected":false},"featured_media":41296,"template":"","meta":{"_monsterinsights_skip_tracking":false,"_monsterinsights_sitenote_active":false,"_monsterinsights_sitenote_note":"","_monsterinsights_sitenote_category":0},"product_brand":[],"product_cat":[130],"product_tag":[],"class_list":{"0":"post-41368","1":"product","2":"type-product","3":"status-publish","4":"has-post-thumbnail","6":"product_cat-vetements-pour-cadres-avant-saison","8":"first","9":"instock","10":"shipping-taxable","11":"purchasable","12":"product-type-variable"},"_links":{"self":[{"href":"https:\/\/www.swisstabletennis.ch\/fr\/wp-json\/wp\/v2\/product\/41368","targetHints":{"allow":["GET"]}}],"collection":[{"href":"https:\/\/www.swisstabletennis.ch\/fr\/wp-json\/wp\/v2\/product"}],"about":[{"href":"https:\/\/www.swisstabletennis.ch\/fr\/wp-json\/wp\/v2\/types\/product"}],"wp:featuredmedia":[{"embeddable":true,"href":"https:\/\/www.swisstabletennis.ch\/fr\/wp-json\/wp\/v2\/media\/41296"}],"wp:attachment":[{"href":"https:\/\/www.swisstabletennis.ch\/fr\/wp-json\/wp\/v2\/media?parent=41368"}],"wp:term":[{"taxonomy":"product_brand","embeddable":true,"href":"https:\/\/www.swisstabletennis.ch\/fr\/wp-json\/wp\/v2\/product_brand?post=41368"},{"taxonomy":"product_cat","embeddable":true,"href":"https:\/\/www.swisstabletennis.ch\/fr\/wp-json\/wp\/v2\/product_cat?post=41368"},{"taxonomy":"product_tag","embeddable":true,"href":"https:\/\/www.swisstabletennis.ch\/fr\/wp-json\/wp\/v2\/product_tag?post=41368"}],"curies":[{"name":"wp","href":"https:\/\/api.w.org\/{rel}","templated":true}]}}