{"id":41408,"date":"2025-07-22T09:17:07","date_gmt":"2025-07-22T07:17:55","guid":{"rendered":"https:\/\/www.swisstabletennis.ch\/?post_type=product&#038;p=41408"},"modified":"2025-07-22T09:17:55","modified_gmt":"2025-07-22T07:17:55","slug":"donic-skirt-clip","status":"publish","type":"product","link":"https:\/\/www.swisstabletennis.ch\/fr\/produit\/donic-skirt-clip\/","title":{"rendered":"DONIC Skirt CLIP"},"content":{"rendered":"<p>Combinaison pratique entre une jupe et un short en mati\u00e8re \u00e9lastique. Avec taille \u00e9lastique.<\/p>\n<p>Mati\u00e8re : 94 % polyester et 6 % \u00e9lasthanne<\/p>\n","protected":false},"excerpt":{"rendered":"<p>Combinaison pratique entre une jupe et un short en mati\u00e8re \u00e9lastique. Avec taille \u00e9lastique. Mati\u00e8re : 94 % polyester et&hellip;<\/p>\n","protected":false},"featured_media":41389,"template":"","meta":{"_monsterinsights_skip_tracking":false,"_monsterinsights_sitenote_active":false,"_monsterinsights_sitenote_note":"","_monsterinsights_sitenote_category":0},"product_brand":[],"product_cat":[130],"product_tag":[],"class_list":{"0":"post-41408","1":"product","2":"type-product","3":"status-publish","4":"has-post-thumbnail","6":"product_cat-vetements-pour-cadres-avant-saison","8":"first","9":"instock","10":"shipping-taxable","11":"purchasable","12":"product-type-variable"},"_links":{"self":[{"href":"https:\/\/www.swisstabletennis.ch\/fr\/wp-json\/wp\/v2\/product\/41408","targetHints":{"allow":["GET"]}}],"collection":[{"href":"https:\/\/www.swisstabletennis.ch\/fr\/wp-json\/wp\/v2\/product"}],"about":[{"href":"https:\/\/www.swisstabletennis.ch\/fr\/wp-json\/wp\/v2\/types\/product"}],"wp:featuredmedia":[{"embeddable":true,"href":"https:\/\/www.swisstabletennis.ch\/fr\/wp-json\/wp\/v2\/media\/41389"}],"wp:attachment":[{"href":"https:\/\/www.swisstabletennis.ch\/fr\/wp-json\/wp\/v2\/media?parent=41408"}],"wp:term":[{"taxonomy":"product_brand","embeddable":true,"href":"https:\/\/www.swisstabletennis.ch\/fr\/wp-json\/wp\/v2\/product_brand?post=41408"},{"taxonomy":"product_cat","embeddable":true,"href":"https:\/\/www.swisstabletennis.ch\/fr\/wp-json\/wp\/v2\/product_cat?post=41408"},{"taxonomy":"product_tag","embeddable":true,"href":"https:\/\/www.swisstabletennis.ch\/fr\/wp-json\/wp\/v2\/product_tag?post=41408"}],"curies":[{"name":"wp","href":"https:\/\/api.w.org\/{rel}","templated":true}]}}