{"id":41454,"date":"2025-07-22T15:17:00","date_gmt":"2025-07-22T13:16:23","guid":{"rendered":"https:\/\/www.swisstabletennis.ch\/?post_type=product&#038;p=41454"},"modified":"2025-07-22T15:16:23","modified_gmt":"2025-07-22T13:16:23","slug":"donic-polo-shirt-air-noir-vert","status":"publish","type":"product","link":"https:\/\/www.swisstabletennis.ch\/fr\/produit\/donic-polo-shirt-air-noir-vert\/","title":{"rendered":"DONIC Polo Shirt AIR noir\/vert"},"content":{"rendered":"<p>Polo haute performance en fibre fonctionnelle DRYLITE qui \u00e9vacue la transpiration de la peau vers l&rsquo;ext\u00e9rieur.<\/p>\n<p>Mat\u00e9riau : 100 % polyester Drylite.<\/p>\n","protected":false},"excerpt":{"rendered":"<p>Polo haute performance en fibre fonctionnelle DRYLITE qui \u00e9vacue la transpiration de la peau vers l&rsquo;ext\u00e9rieur. Mat\u00e9riau : 100 %&hellip;<\/p>\n","protected":false},"featured_media":41448,"template":"","meta":{"_monsterinsights_skip_tracking":false,"_monsterinsights_sitenote_active":false,"_monsterinsights_sitenote_note":"","_monsterinsights_sitenote_category":0},"product_brand":[],"product_cat":[130],"product_tag":[],"class_list":{"0":"post-41454","1":"product","2":"type-product","3":"status-publish","4":"has-post-thumbnail","6":"product_cat-vetements-pour-cadres-avant-saison","8":"first","9":"instock","10":"shipping-taxable","11":"purchasable","12":"product-type-variable"},"_links":{"self":[{"href":"https:\/\/www.swisstabletennis.ch\/fr\/wp-json\/wp\/v2\/product\/41454","targetHints":{"allow":["GET"]}}],"collection":[{"href":"https:\/\/www.swisstabletennis.ch\/fr\/wp-json\/wp\/v2\/product"}],"about":[{"href":"https:\/\/www.swisstabletennis.ch\/fr\/wp-json\/wp\/v2\/types\/product"}],"wp:featuredmedia":[{"embeddable":true,"href":"https:\/\/www.swisstabletennis.ch\/fr\/wp-json\/wp\/v2\/media\/41448"}],"wp:attachment":[{"href":"https:\/\/www.swisstabletennis.ch\/fr\/wp-json\/wp\/v2\/media?parent=41454"}],"wp:term":[{"taxonomy":"product_brand","embeddable":true,"href":"https:\/\/www.swisstabletennis.ch\/fr\/wp-json\/wp\/v2\/product_brand?post=41454"},{"taxonomy":"product_cat","embeddable":true,"href":"https:\/\/www.swisstabletennis.ch\/fr\/wp-json\/wp\/v2\/product_cat?post=41454"},{"taxonomy":"product_tag","embeddable":true,"href":"https:\/\/www.swisstabletennis.ch\/fr\/wp-json\/wp\/v2\/product_tag?post=41454"}],"curies":[{"name":"wp","href":"https:\/\/api.w.org\/{rel}","templated":true}]}}